{"id":1023,"date":"2025-11-10T19:58:26","date_gmt":"2025-11-10T19:58:26","guid":{"rendered":"https:\/\/www.danonnarosetta.com\/impressum\/"},"modified":"2026-03-15T21:58:16","modified_gmt":"2026-03-15T21:58:16","slug":"impressum","status":"publish","type":"page","link":"https:\/\/www.danonnarosetta.com\/de\/impressum\/","title":{"rendered":"Impressum"},"content":{"rendered":"<p>[et_pb_section fb_built=&#8220;1&#8243; admin_label=&#8220;Header &#038; Pricing Table&#8220; _builder_version=&#8220;4.21.0&#8243; _module_preset=&#8220;default&#8220; collapsed=&#8220;on&#8220; global_colors_info=&#8220;{}&#8220;][et_pb_row _builder_version=&#8220;4.21.0&#8243; _module_preset=&#8220;default&#8220; global_colors_info=&#8220;{}&#8220;][et_pb_column type=&#8220;4_4&#8243; _builder_version=&#8220;4.21.0&#8243; _module_preset=&#8220;default&#8220; global_colors_info=&#8220;{}&#8220;][et_pb_text _builder_version=&#8220;4.27.4&#8243; _module_preset=&#8220;default&#8220; global_colors_info=&#8220;{}&#8220;]<\/p>\n<div id=\"main-content\">\n<article id=\"post-224821\" class=\"post-224821 page type-page status-publish hentry\">\n<div class=\"entry-content\">\n<div class=\"et-l et-l--post\">\n<div class=\"et_builder_inner_content et_pb_gutters3\">\n<div class=\"et_pb_section et_pb_section_0 et_section_regular et_pb_section_first\" data-fix-page-container=\"on\" style=\"padding-top: 202px;\">\n<div class=\"et_pb_row et_pb_row_0\">\n<div class=\"et_pb_column et_pb_column_4_4 et_pb_column_0 et_pb_css_mix_blend_mode_passthrough et-last-child\">\n<div class=\"et_pb_module et_pb_text et_pb_text_0 et_pb_text_align_left et_pb_bg_layout_light\">\n<div class=\"et_pb_text_inner\">\n<p><b>IMPRESSUM<br \/><\/b><span style=\"font-weight: 400;\">Gem\u00e4\u00df den Bestimmungen des Gesetzes Nr. 2004-575 vom 21. Juni 2004 \u00fcber das Vertrauen in die digitale Wirtschaft werden den Nutzern der Website Danonnarosetta die Identit\u00e4t der verschiedenen Beteiligten im Rahmen ihrer Erstellung und Betreuung mitgeteilt.<\/span><\/p>\n<p><b>Herausgabe der Website<br \/><\/b><span style=\"font-weight: 400;\">Diese Website, erreichbar unter der URL https:\/www.danonnarosetta.com\/ (die \u201eWebsite\u201c), wird herausgegeben von:<br \/><\/span>Massimo Rago, wohnhaft Jeanneret 12 2400 Le Locle, Schweizer Staatsangeh\u00f6rigkeit (Schweiz), geboren am 26.03.1969.<\/p>\n<p><strong data-start=\"357\" data-end=\"377\">Firmenname:<\/strong> <span>Rago Massimo DaNonnaRosetta<\/span><br data-start=\"405\" data-end=\"408\"><strong data-start=\"408\" data-end=\"421\">Adresse:<\/strong> Via Funno 26 &#8211; 80075 Forio d&#8217;ischia &#8211; Italia<br data-start=\"462\" data-end=\"465\"><strong data-start=\"465\" data-end=\"500\">Verantwortlich f\u00fcr die Ver\u00f6ffentlichung:<\/strong> [Rago Massimo]<br data-start=\"535\" data-end=\"538\"><strong data-start=\"538\" data-end=\"553\">Telefon:<\/strong> +41794410486<br data-start=\"567\" data-end=\"570\"><strong data-start=\"570\" data-end=\"582\">E-Mail: <\/strong>mrago@windowslive.com<br data-start=\"684\" data-end=\"687\"><strong data-start=\"687\" data-end=\"709\">Rechtsform:<\/strong> Einzelunternehmen<\/p>\n<p><b>Hosting<br \/><\/b><span style=\"font-weight: 400;\">Die Website wird von der Firma Infomaniak gehostet, ans\u00e4ssig Rue Eug\u00e8ne-Marziano 25, 1227 Genf, Schweiz: +41) 22 820 35 44.<br \/><\/span><\/p>\n<p><b>Ver\u00f6ffentlichungsleiter<br \/><\/b><span style=\"font-weight: 400;\">Ver\u00f6ffentlichungsleiter der Website ist Massimo Rago.<br \/><\/span><b><br \/>Kontakt<br \/><\/b><span style=\"font-weight: 400;\">Telefonisch: +417794410486<br \/><\/span><span style=\"font-weight: 400;\">Per E-Mail: <a class=\"cursor-pointer\" rel=\"noopener\">mrago@windowslive.com<\/a><br \/><\/span><span style=\"font-weight: 400;\">Per Post: Rago Massimo \/ Jeanneret 12 \/ 2400 Le Locle<br \/><\/span><b><br \/>Personenbezogene Daten<br \/><\/b><span style=\"font-weight: 400;\">Die Verarbeitung Ihrer personenbezogenen Daten erfolgt gem\u00e4\u00df unserer Datenschutzrichtlinie, die im Abschnitt \u201eCharta zum Schutz personenbezogener Daten\u201c verf\u00fcgbar ist, in \u00dcbereinstimmung mit der Datenschutz-Grundverordnung 2016\/679 vom 27. April 2016 (\u201eDSGVO\u201c).<\/span><\/p>\n<\/div>\n<\/div>\n<\/div>\n<\/div>\n<\/div>\n<\/div>\n<\/div>\n<\/div>\n<\/article>\n<\/div>\n<p>[\/et_pb_text][et_pb_code _builder_version=&#8220;4.27.4&#8243; _module_preset=&#8220;default&#8220; custom_margin=&#8220;|||200px|false|false&#8220; global_colors_info=&#8220;{}&#8220;]<\/p>\n<div id=\"paypal-container-SPBSRGL2DT6LE\"><\/div>\n<p><!-- [et_pb_line_break_holder] --><script><!-- [et_pb_line_break_holder] -->  paypal.HostedButtons({<!-- [et_pb_line_break_holder] -->    hostedButtonId: \"SPBSRGL2DT6LE\",<!-- [et_pb_line_break_holder] -->  }).render(\"#paypal-container-SPBSRGL2DT6LE\")<!-- [et_pb_line_break_holder] --><\/script>[\/et_pb_code][et_pb_code _builder_version=&#8220;4.27.4&#8243; _module_preset=&#8220;default&#8220; module_alignment=&#8220;center&#8220; custom_margin=&#8220;||||false|false&#8220; custom_padding=&#8220;||||false|false&#8220; global_colors_info=&#8220;{}&#8220;]<\/p>\n<div id=\"paypal-container-SPBSRGL2DT6LE\"><\/div>\n<p><!-- [et_pb_line_break_holder] --><script><!-- [et_pb_line_break_holder] -->  paypal.HostedButtons({<!-- [et_pb_line_break_holder] -->    hostedButtonId: \"SPBSRGL2DT6LE\",<!-- [et_pb_line_break_holder] -->  }).render(\"#paypal-container-SPBSRGL2DT6LE\")<!-- [et_pb_line_break_holder] --><\/script>[\/et_pb_code][\/et_pb_column][\/et_pb_row][\/et_pb_section]<\/p>\n","protected":false},"excerpt":{"rendered":"<p>IMPRESSUMGem\u00e4\u00df den Bestimmungen des Gesetzes Nr. 2004-575 vom 21. Juni 2004 \u00fcber das Vertrauen in die digitale Wirtschaft werden den Nutzern der Website Danonnarosetta die Identit\u00e4t der verschiedenen Beteiligten im Rahmen ihrer Erstellung und Betreuung mitgeteilt. Herausgabe der WebsiteDiese Website, erreichbar unter der URL https:\/www.danonnarosetta.com\/ (die \u201eWebsite\u201c), wird herausgegeben von:Massimo Rago, wohnhaft Jeanneret 12 2400 [&hellip;]<\/p>\n","protected":false},"author":1,"featured_media":0,"parent":0,"menu_order":0,"comment_status":"closed","ping_status":"closed","template":"","meta":{"_et_pb_use_builder":"on","_et_pb_old_content":"","_et_gb_content_width":"","footnotes":""},"class_list":["post-1023","page","type-page","status-publish","hentry"],"_links":{"self":[{"href":"https:\/\/www.danonnarosetta.com\/de\/wp-json\/wp\/v2\/pages\/1023","targetHints":{"allow":["GET"]}}],"collection":[{"href":"https:\/\/www.danonnarosetta.com\/de\/wp-json\/wp\/v2\/pages"}],"about":[{"href":"https:\/\/www.danonnarosetta.com\/de\/wp-json\/wp\/v2\/types\/page"}],"author":[{"embeddable":true,"href":"https:\/\/www.danonnarosetta.com\/de\/wp-json\/wp\/v2\/users\/1"}],"replies":[{"embeddable":true,"href":"https:\/\/www.danonnarosetta.com\/de\/wp-json\/wp\/v2\/comments?post=1023"}],"version-history":[{"count":4,"href":"https:\/\/www.danonnarosetta.com\/de\/wp-json\/wp\/v2\/pages\/1023\/revisions"}],"predecessor-version":[{"id":1043,"href":"https:\/\/www.danonnarosetta.com\/de\/wp-json\/wp\/v2\/pages\/1023\/revisions\/1043"}],"wp:attachment":[{"href":"https:\/\/www.danonnarosetta.com\/de\/wp-json\/wp\/v2\/media?parent=1023"}],"curies":[{"name":"wp","href":"https:\/\/api.w.org\/{rel}","templated":true}]}}