{"id":1040,"date":"2025-11-10T20:09:34","date_gmt":"2025-11-10T20:09:34","guid":{"rendered":"https:\/\/www.danonnarosetta.com\/datenschutzerklaerung\/"},"modified":"2026-03-15T21:58:20","modified_gmt":"2026-03-15T21:58:20","slug":"datenschutzerklaerung","status":"publish","type":"page","link":"https:\/\/www.danonnarosetta.com\/de\/datenschutzerklaerung\/","title":{"rendered":"Datenschutzerkl\u00e4rung"},"content":{"rendered":"<p>[et_pb_section fb_built=&#8220;1&#8243; admin_label=&#8220;Header &#038; Pricing Table&#8220; _builder_version=&#8220;4.21.0&#8243; _module_preset=&#8220;default&#8220; collapsed=&#8220;on&#8220; global_colors_info=&#8220;{}&#8220;][et_pb_row _builder_version=&#8220;4.21.0&#8243; _module_preset=&#8220;default&#8220; global_colors_info=&#8220;{}&#8220;][et_pb_column type=&#8220;4_4&#8243; _builder_version=&#8220;4.21.0&#8243; _module_preset=&#8220;default&#8220; global_colors_info=&#8220;{}&#8220;][et_pb_text _builder_version=&#8220;4.27.4&#8243; _module_preset=&#8220;default&#8220; global_colors_info=&#8220;{}&#8220;]<\/p>\n<h3 data-start=\"222\" data-end=\"259\"><\/h3>\n<h3 data-start=\"222\" data-end=\"259\"><\/h3>\n<h3 data-start=\"222\" data-end=\"259\"><\/h3>\n<h3 data-start=\"222\" data-end=\"259\">Datenschutzerkl\u00e4rung<\/h3>\n<p data-start=\"260\" data-end=\"304\"><strong data-start=\"260\" data-end=\"286\">Zuletzt aktualisiert: 12.10.2025<\/strong><\/p>\n<hr data-start=\"306\" data-end=\"309\">\n<h4 data-start=\"311\" data-end=\"333\">1. Einleitung<\/h4>\n<p data-start=\"334\" data-end=\"595\">Willkommen auf der Website https:\/\/www.danonnarosetta.com\/<br data-start=\"381\" data-end=\"384\">Bei DaNonnaRosetta legen wir gro\u00dfen Wert auf den Schutz Ihrer pers\u00f6nlichen Daten. Diese Richtlinie erl\u00e4utert Ihnen, wie Ihre Informationen gesammelt, verwendet und gesch\u00fctzt werden. <\/p>\n<hr data-start=\"597\" data-end=\"600\">\n<h4 data-start=\"602\" data-end=\"637\">2. Verantwortlicher f\u00fcr die Datenverarbeitung<\/h4>\n<p data-start=\"638\" data-end=\"783\"><span>Rago Massimo DaNonnaRosetta<\/span><br data-start=\"669\" data-end=\"672\">Adresse: Rue JEanneret 12, 2400 Le Locle, Schweiz<br data-start=\"722\" data-end=\"725\">E-Mail: <a class=\"cursor-pointer\" rel=\"noopener\">mrago@windowslive.com<\/a><br data-start=\"747\" data-end=\"750\">Gesetzlicher Vertreter: Rago Massimo<\/p>\n<hr data-start=\"785\" data-end=\"788\">\n<h4 data-start=\"790\" data-end=\"818\">3. Gesammelte Daten<\/h4>\n<p data-start=\"819\" data-end=\"878\">Die Daten, die wir sammeln k\u00f6nnen, sind folgende:<\/p>\n<ul data-start=\"880\" data-end=\"1022\">\n<li data-start=\"880\" data-end=\"895\">\n<p data-start=\"882\" data-end=\"895\">Vorname, Nachname<\/p>\n<\/li>\n<li data-start=\"896\" data-end=\"914\">\n<p data-start=\"898\" data-end=\"914\">E-Mail-Adresse<\/p>\n<\/li>\n<li data-start=\"915\" data-end=\"938\">\n<p data-start=\"917\" data-end=\"938\">Telefonnummer<\/p>\n<\/li>\n<li data-start=\"939\" data-end=\"984\">\n<p data-start=\"941\" data-end=\"984\">Kontakt- und Buchungsinformationen<\/p>\n<\/li>\n<li data-start=\"985\" data-end=\"1022\">\n<p data-start=\"987\" data-end=\"1022\">Navigationsdaten (\u00fcber Cookies)<\/p>\n<\/li>\n<\/ul>\n<hr data-start=\"1024\" data-end=\"1027\">\n<h4 data-start=\"1029\" data-end=\"1062\">4. Verarbeitungszwecke<\/h4>\n<p data-start=\"1063\" data-end=\"1120\">Ihre pers\u00f6nlichen Daten werden ausschlie\u00dflich verwendet f\u00fcr:<\/p>\n<ul data-start=\"1122\" data-end=\"1317\">\n<li data-start=\"1122\" data-end=\"1178\">\n<p data-start=\"1124\" data-end=\"1178\">Beantwortung Ihrer Kontakt- oder Buchungsanfragen<\/p>\n<\/li>\n<li data-start=\"1179\" data-end=\"1233\">\n<p data-start=\"1181\" data-end=\"1233\">Informationen \u00fcber unsere Dienstleistungen (mit Ihrer Zustimmung)<\/p>\n<\/li>\n<li data-start=\"1234\" data-end=\"1281\">\n<p data-start=\"1236\" data-end=\"1281\">Verbesserung der Qualit\u00e4t unserer Website<\/p>\n<\/li>\n<li data-start=\"1282\" data-end=\"1317\">\n<p data-start=\"1284\" data-end=\"1317\">Erf\u00fcllung unserer gesetzlichen Verpflichtungen<\/p>\n<\/li>\n<\/ul>\n<p data-start=\"1319\" data-end=\"1368\">Ihre Daten werden niemals an Dritte verkauft.<\/p>\n<hr data-start=\"1370\" data-end=\"1373\">\n<h4 data-start=\"1375\" data-end=\"1406\">5. Speicherdauer<\/h4>\n<p data-start=\"1407\" data-end=\"1563\">Ihre Daten werden nur so lange gespeichert, wie es f\u00fcr den Zweck, f\u00fcr den sie erhoben wurden, erforderlich ist oder gem\u00e4\u00df den schweizerischen gesetzlichen Fristen.<\/p>\n<hr data-start=\"1565\" data-end=\"1568\">\n<h4 data-start=\"1570\" data-end=\"1590\">6. Ihre Rechte<\/h4>\n<p data-start=\"1591\" data-end=\"1682\">Gem\u00e4\u00df dem Bundesgesetz \u00fcber den Datenschutz (DSG) haben Sie das Recht:<\/p>\n<ul data-start=\"1684\" data-end=\"1850\">\n<li data-start=\"1684\" data-end=\"1722\">\n<p data-start=\"1686\" data-end=\"1722\">Ihre pers\u00f6nlichen Daten einzusehen<\/p>\n<\/li>\n<li data-start=\"1723\" data-end=\"1769\">\n<p data-start=\"1725\" data-end=\"1769\">Ihre Informationen zu korrigieren oder zu aktualisieren<\/p>\n<\/li>\n<li data-start=\"1770\" data-end=\"1812\">\n<p data-start=\"1772\" data-end=\"1812\">Die L\u00f6schung Ihrer Daten zu verlangen<\/p>\n<\/li>\n<li data-start=\"1813\" data-end=\"1850\">\n<p data-start=\"1815\" data-end=\"1850\">Bestimmten Verarbeitungen zu widersprechen<\/p>\n<\/li>\n<\/ul>\n<p data-start=\"1852\" data-end=\"1927\">Um diese Rechte auszu\u00fcben, kontaktieren Sie uns bitte per E-Mail unter <a class=\"cursor-pointer\" rel=\"noopener\">contact@institut-bellarte.ch<\/a><\/p>\n<hr data-start=\"1929\" data-end=\"1932\">\n<h4 data-start=\"1934\" data-end=\"1967\">7. Verwendung von Cookies<\/h4>\n<p data-start=\"1968\" data-end=\"2125\">Die Website verwendet Cookies, um die Benutzererfahrung zu verbessern. Sie k\u00f6nnen Ihren Browser jederzeit so konfigurieren, dass er Cookies ablehnt oder l\u00f6scht. <\/p>\n<hr data-start=\"2127\" data-end=\"2130\">\n<h4 data-start=\"2132\" data-end=\"2162\">8. Datensicherheit<\/h4>\n<p data-start=\"2163\" data-end=\"2320\">Wir setzen Sicherheitsma\u00dfnahmen (sicheres Hosting, SSL-Zertifikat usw.) ein, um Ihre Daten vor unbefugtem Zugriff oder Verlust zu sch\u00fctzen.<\/p>\n<hr data-start=\"2322\" data-end=\"2325\">\n<h4 data-start=\"2327\" data-end=\"2350\">9. \u00c4nderungen<\/h4>\n<p data-start=\"2351\" data-end=\"2467\">Diese Richtlinie kann jederzeit ge\u00e4ndert werden. Die aktuellste Version ist immer auf dieser Seite verf\u00fcgbar. <\/p>\n<p data-start=\"2351\" data-end=\"2467\">[\/et_pb_text][et_pb_code _builder_version=&#8220;4.27.4&#8243; _module_preset=&#8220;default&#8220; custom_margin=&#8220;|||200px|false|false&#8220; global_colors_info=&#8220;{}&#8220;]<\/p>\n<div id=\"paypal-container-SPBSRGL2DT6LE\"><\/div>\n<p><!-- [et_pb_line_break_holder] --><script><!-- [et_pb_line_break_holder] -->  paypal.HostedButtons({<!-- [et_pb_line_break_holder] -->    hostedButtonId: \"SPBSRGL2DT6LE\",<!-- [et_pb_line_break_holder] -->  }).render(\"#paypal-container-SPBSRGL2DT6LE\")<!-- [et_pb_line_break_holder] --><\/script>[\/et_pb_code][et_pb_code _builder_version=&#8220;4.27.4&#8243; _module_preset=&#8220;default&#8220; module_alignment=&#8220;center&#8220; custom_margin=&#8220;||||false|false&#8220; custom_padding=&#8220;||||false|false&#8220; global_colors_info=&#8220;{}&#8220;]<\/p>\n<div id=\"paypal-container-SPBSRGL2DT6LE\"><\/div>\n<p><!-- [et_pb_line_break_holder] --><script><!-- [et_pb_line_break_holder] -->  paypal.HostedButtons({<!-- [et_pb_line_break_holder] -->    hostedButtonId: \"SPBSRGL2DT6LE\",<!-- [et_pb_line_break_holder] -->  }).render(\"#paypal-container-SPBSRGL2DT6LE\")<!-- [et_pb_line_break_holder] --><\/script>[\/et_pb_code][\/et_pb_column][\/et_pb_row][\/et_pb_section]<\/p>\n","protected":false},"excerpt":{"rendered":"<p>Datenschutzerkl\u00e4rung Zuletzt aktualisiert: 12.10.2025 1. Einleitung Willkommen auf der Website https:\/\/www.danonnarosetta.com\/Bei DaNonnaRosetta legen wir gro\u00dfen Wert auf den Schutz Ihrer pers\u00f6nlichen Daten. Diese Richtlinie erl\u00e4utert Ihnen, wie Ihre Informationen gesammelt, verwendet und gesch\u00fctzt werden. 2. Verantwortlicher f\u00fcr die Datenverarbeitung Rago Massimo DaNonnaRosettaAdresse: Rue JEanneret 12, 2400 Le Locle, SchweizE-Mail: mrago@windowslive.comGesetzlicher Vertreter: Rago Massimo 3. Gesammelte [&hellip;]<\/p>\n","protected":false},"author":1,"featured_media":0,"parent":0,"menu_order":0,"comment_status":"closed","ping_status":"closed","template":"","meta":{"_et_pb_use_builder":"on","_et_pb_old_content":"","_et_gb_content_width":"","footnotes":""},"class_list":["post-1040","page","type-page","status-publish","hentry"],"_links":{"self":[{"href":"https:\/\/www.danonnarosetta.com\/de\/wp-json\/wp\/v2\/pages\/1040","targetHints":{"allow":["GET"]}}],"collection":[{"href":"https:\/\/www.danonnarosetta.com\/de\/wp-json\/wp\/v2\/pages"}],"about":[{"href":"https:\/\/www.danonnarosetta.com\/de\/wp-json\/wp\/v2\/types\/page"}],"author":[{"embeddable":true,"href":"https:\/\/www.danonnarosetta.com\/de\/wp-json\/wp\/v2\/users\/1"}],"replies":[{"embeddable":true,"href":"https:\/\/www.danonnarosetta.com\/de\/wp-json\/wp\/v2\/comments?post=1040"}],"version-history":[{"count":6,"href":"https:\/\/www.danonnarosetta.com\/de\/wp-json\/wp\/v2\/pages\/1040\/revisions"}],"predecessor-version":[{"id":1070,"href":"https:\/\/www.danonnarosetta.com\/de\/wp-json\/wp\/v2\/pages\/1040\/revisions\/1070"}],"wp:attachment":[{"href":"https:\/\/www.danonnarosetta.com\/de\/wp-json\/wp\/v2\/media?parent=1040"}],"curies":[{"name":"wp","href":"https:\/\/api.w.org\/{rel}","templated":true}]}}