{"id":1174,"date":"2025-04-18T09:49:10","date_gmt":"2025-04-18T09:49:10","guid":{"rendered":"https:\/\/www.danonnarosetta.com\/reservierung\/"},"modified":"2026-03-15T21:59:00","modified_gmt":"2026-03-15T21:59:00","slug":"reservierung","status":"publish","type":"page","link":"https:\/\/www.danonnarosetta.com\/de\/reservierung\/","title":{"rendered":"Reservierung"},"content":{"rendered":"<p>[et_pb_section fb_built=&#8220;1&#8243; _builder_version=&#8220;4.27.5&#8243; _module_preset=&#8220;default&#8220; background_image=&#8220;https:\/\/www.danonnarosetta.com\/wp-content\/uploads\/2026\/02\/BNB-25-maison-213-scaled.jpg&#8220; module_alignment=&#8220;center&#8220; min_height=&#8220;400px&#8220; height=&#8220;400px&#8220; custom_margin=&#8220;0px||30px||false|false&#8220; custom_padding=&#8220;6px||6px||false|false&#8220; hover_enabled=&#8220;0&#8243; global_colors_info=&#8220;{}&#8220; sticky_enabled=&#8220;0&#8243;][et_pb_row _builder_version=&#8220;4.27.5&#8243; _module_preset=&#8220;default&#8220; custom_margin=&#8220;50px||||false|false&#8220; global_colors_info=&#8220;{}&#8220;][et_pb_column type=&#8220;4_4&#8243; _builder_version=&#8220;4.27.5&#8243; _module_preset=&#8220;default&#8220; global_colors_info=&#8220;{}&#8220;][et_pb_text _builder_version=&#8220;4.27.5&#8243; _module_preset=&#8220;default&#8220; global_colors_info=&#8220;{}&#8220;]<\/p>\n<h1 style=\"text-align: center;\"><span style=\"color: #ffffff;\">Da Nonna Rosetta Reservierung<\/span><\/h1>\n<p>[\/et_pb_text][\/et_pb_column][\/et_pb_row][\/et_pb_section][et_pb_section fb_built=&#8220;1&#8243; admin_label=&#8220;Header &#038; Pricing Table&#8220; _builder_version=&#8220;4.27.4&#8243; _module_preset=&#8220;default&#8220; background_color=&#8220;#f5f6fb&#8220; custom_margin=&#8220;-31px||80px||false|false&#8220; custom_padding=&#8220;64px|||||&#8220; collapsed=&#8220;on&#8220; global_colors_info=&#8220;{}&#8220; min_height=&#8220;1561px&#8220;][et_pb_row _builder_version=&#8220;4.27.4&#8243; _module_preset=&#8220;default&#8220; global_colors_info=&#8220;{}&#8220;][et_pb_column type=&#8220;4_4&#8243; _builder_version=&#8220;4.27.4&#8243; _module_preset=&#8220;default&#8220; global_colors_info=&#8220;{}&#8220;][et_pb_code module_id=&#8220;reservation-form&#8220; _builder_version=&#8220;4.27.4&#8243; _module_preset=&#8220;default&#8220; global_colors_info=&#8220;{}&#8220;]<div class=\"mphb_sc_search-wrapper \">\n<form method=\"GET\" class=\"mphb_sc_search-form\" action=\"https:\/\/www.danonnarosetta.com\/de\/suchergebnisse\/\" data-first_available_check_in_date=\"2026-04-18\">\n\n\t<p class = \"mphb-required-fields-tip\">\n\t<small>\n\t\tErforderliche Felder werden gefolgt von\t\t<abbr title=\"required\">*<\/abbr>\n\t<\/small>\n<\/p>\n\n\t<p class=\"mphb_sc_search-check-in-date\">\n\t\t<label for=\"mphb_check_in_date-mphb-search-form-69e40c931bc32\">\n\t\t\tAnreise\t\t\t<abbr title=\"Formatiert als dd\/mm\/yyyy\">*<\/abbr>\n\t\t<\/label>\n\t\t<br \/>\n\t\t<input\n\t\t\tid=\"mphb_check_in_date-mphb-search-form-69e40c931bc32\"\n\t\t\tdata-datepick-group=\"mphb-search-form-69e40c931bc32\"\n\t\t\tvalue=\"\"\n\t\t\tplaceholder=\"Anreisedatum\"\n\t\t\trequired=\"required\"\n\t\t\ttype=\"text\"\n\t\t\tinputmode=\"none\"\n\t\t\tname=\"mphb_check_in_date\"\n\t\t\tclass=\"mphb-datepick\"\n\t\t\tautocomplete=\"off\"\n\t\t\t\/>\n\t<\/p>\n\n\t<p class=\"mphb_sc_search-check-out-date\">\n\t\t<label for=\"mphb_check_out_date-mphb-search-form-69e40c931bc32\">\n\t\t\tAbreise\t\t\t<abbr title=\"Formatiert als dd\/mm\/yyyy\">*<\/abbr>\n\t\t<\/label>\n\t\t<br \/>\n\t\t<input\n\t\t\tid=\"mphb_check_out_date-mphb-search-form-69e40c931bc32\"\n\t\t\tdata-datepick-group=\"mphb-search-form-69e40c931bc32\"\n\t\t\tvalue=\"\"\n\t\t\tplaceholder=\"Abreisedatum\"\n\t\t\trequired=\"required\"\n\t\t\ttype=\"text\"\n\t\t\tinputmode=\"none\"\n\t\t\tname=\"mphb_check_out_date\"\n\t\t\tclass=\"mphb-datepick\"\n\t\t\tautocomplete=\"off\"\n\t\t\t\/>\n\t<\/p>\n\n\t\t\t<p class=\"mphb_sc_search-adults\">\n\t\t\t<label for=\"mphb_adults-mphb-search-form-69e40c931bc32\">\n\t\t\t\tErwachsene\t\t\t<\/label>\n\t\t\t<br \/>\n\t\t\t<select id=\"mphb_adults-mphb-search-form-69e40c931bc32\" name=\"mphb_adults\" >\n\t\t\t\t\t\t\t\t\t<option value=\"1\"  selected='selected'>1<\/option>\n\t\t\t\t\t\t\t\t\t<option value=\"2\" >2<\/option>\n\t\t\t\t\t\t\t\t\t<option value=\"3\" >3<\/option>\n\t\t\t\t\t\t\t\t\t<option value=\"4\" >4<\/option>\n\t\t\t\t\t\t\t<\/select>\n\t\t<\/p>\n\t\n\t\t\t<p class=\"mphb_sc_search-children\">\n\t\t\t<label for=\"mphb_children-mphb-search-form-69e40c931bc32\">\n\t\t\t\tKinder\t\t\t<\/label>\n\t\t\t<br \/>\n\t\t\t<select id=\"mphb_children-mphb-search-form-69e40c931bc32\" name=\"mphb_children\">\n\t\t\t\t\t\t\t\t\t<option value=\"0\"  selected='selected'>0<\/option>\n\t\t\t\t\t\t\t\t\t<option value=\"1\" >1<\/option>\n\t\t\t\t\t\t\t\t\t<option value=\"2\" >2<\/option>\n\t\t\t\t\t\t\t\t\t<option value=\"3\" >3<\/option>\n\t\t\t\t\t\t\t<\/select>\n\t\t<\/p>\n\t\n\t\n\t\n\t<input id=\"mphb_check_in_date-mphb-search-form-69e40c931bc32-hidden\" value=\"\" type=\"hidden\" name=\"mphb_check_in_date\" \/><input id=\"mphb_check_out_date-mphb-search-form-69e40c931bc32-hidden\" value=\"\" type=\"hidden\" name=\"mphb_check_out_date\" \/>\n\t<p class=\"mphb_sc_search-submit-button-wrapper\">\n\t\t<input type=\"submit\" class=\"button\" value=\"Suche\"\/>\n\t<\/p>\n\n\t\n<\/form>\n<\/div>[\/et_pb_code][et_pb_code module_id=&#8220;reservation-results&#8220; _builder_version=&#8220;4.27.4&#8243; _module_preset=&#8220;default&#8220; global_colors_info=&#8220;{}&#8220;]<div class=\"mphb_sc_search_results-wrapper \"><div class=\"mphb-errors-wrapper\">\n\t<\/div>\n<\/div><!-- [et_pb_line_break_holder] --><!-- [et_pb_line_break_holder] -->[\/et_pb_code][\/et_pb_column][\/et_pb_row][et_pb_row column_structure=&#8220;1_3,1_3,1_3&#8243; _builder_version=&#8220;4.27.4&#8243; _module_preset=&#8220;default&#8220; global_colors_info=&#8220;{}&#8220;][et_pb_column type=&#8220;1_3&#8243; _builder_version=&#8220;4.27.4&#8243; _module_preset=&#8220;default&#8220; global_colors_info=&#8220;{}&#8220;][et_pb_image src=&#8220;https:\/\/www.danonnarosetta.com\/wp-content\/uploads\/2026\/02\/Design-sans-titre.png&#8220; title_text=&#8220;Design ohne Titel&#8220; _builder_version=&#8220;4.27.5&#8243; _module_preset=&#8220;default&#8220; hover_enabled=&#8220;0&#8243; global_colors_info=&#8220;{}&#8220; sticky_enabled=&#8220;0&#8243;][\/et_pb_image][\/et_pb_column][et_pb_column type=&#8220;1_3&#8243; _builder_version=&#8220;4.27.4&#8243; _module_preset=&#8220;default&#8220; global_colors_info=&#8220;{}&#8220;][et_pb_image src=&#8220;https:\/\/www.danonnarosetta.com\/wp-content\/uploads\/2026\/02\/3.png&#8220; alt=&#8220;BNB Forio Ischia Meer Terrasse&#8220; title_text=&#8220;3&#8243; _builder_version=&#8220;4.27.4&#8243; _module_preset=&#8220;default&#8220; global_colors_info=&#8220;{}&#8220;][\/et_pb_image][\/et_pb_column][et_pb_column type=&#8220;1_3&#8243; _builder_version=&#8220;4.27.4&#8243; _module_preset=&#8220;default&#8220; global_colors_info=&#8220;{}&#8220;][et_pb_image src=&#8220;https:\/\/www.danonnarosetta.com\/wp-content\/uploads\/2026\/02\/13.png&#8220; title_text=&#8220;13&#8243; _builder_version=&#8220;4.27.4&#8243; _module_preset=&#8220;default&#8220; global_colors_info=&#8220;{}&#8220;][\/et_pb_image][\/et_pb_column][\/et_pb_row][\/et_pb_section][et_pb_section fb_built=&#8220;1&#8243; admin_label=&#8220;FAQ&#8220; _builder_version=&#8220;4.21.0&#8243; _module_preset=&#8220;default&#8220; collapsed=&#8220;on&#8220; global_colors_info=&#8220;{}&#8220;][et_pb_row _builder_version=&#8220;4.27.2&#8243; _module_preset=&#8220;2929c11c-a2ed-4420-9738-daa1068942d3&#8243; global_colors_info=&#8220;{}&#8220;][et_pb_column type=&#8220;4_4&#8243; _builder_version=&#8220;4.21.0&#8243; _module_preset=&#8220;default&#8220; global_colors_info=&#8220;{}&#8220;][et_pb_heading title=&#8220;FAQ&#8220; _builder_version=&#8220;4.27.2&#8243; _module_preset=&#8220;e56c30f9-8329-4317-b032-e6b4f3c10f5a&#8220; global_colors_info=&#8220;{}&#8220;][\/et_pb_heading][et_pb_accordion open_toggle_text_color=&#8220;#FFFFFF&#8220; _builder_version=&#8220;4.27.5&#8243; _module_preset=&#8220;ac3becd8-1372-46e7-af9a-aea36f231f27&#8243; toggle_text_color=&#8220;#FFFFFF&#8220; locked=&#8220;off&#8220; global_colors_info=&#8220;{%22gcid-primary-color%22:%91%22body_quote_text_color%22,%22body_quote_text_color%22,%22body_quote_text_color%22,%22body_quote_text_color%22,%22body_quote_text_color%22%93,%22gcid-secondary-color%22:%91%22icon_color%22,%22icon_color%22,%22icon_color%22,%22icon_color%22,%22icon_color%22%93,%22gcid-70184d90-89dc-4d37-8a72-67bb78c7369e%22:%91%22closed_toggle_background_color%22,%22open_toggle_background_color%22,%22closed_toggle_background_color%22,%22open_toggle_background_color%22,%22closed_toggle_background_color%22,%22open_toggle_background_color%22,%22closed_toggle_background_color%22,%22open_toggle_background_color%22,%22closed_toggle_background_color%22,%22open_toggle_background_color%22%93}&#8220;][et_pb_accordion_item title=&#8220;Was ist im Preis pro Nacht enthalten?&#8220; _builder_version=&#8220;4.27.4&#8243; _module_preset=&#8220;default&#8220; global_colors_info=&#8220;{}&#8220; open=&#8220;on&#8220;]<\/p>\n<p><span style=\"color: #ffffff;\">Der Preis beinhaltet die Miete des Hauses, Bettw\u00e4sche und Handt\u00fccher, WLAN sowie einen privaten Parkplatz.<\/span><br data-start=\"538\" data-end=\"541\"><span style=\"color: #ffffff;\">Reinigungskosten, Verwaltungsgeb\u00fchren und Steuern sind ebenfalls im Preis enthalten.<\/span><\/p>\n<p>[\/et_pb_accordion_item][et_pb_accordion_item title=&#8220;Um wie viel Uhr kann man an- und abreisen?&#8220; _builder_version=&#8220;4.27.4&#8243; _module_preset=&#8220;default&#8220; global_colors_info=&#8220;{}&#8220; open=&#8220;off&#8220;]<\/p>\n<p><span style=\"color: #ffffff;\">Die An- und Abreisezeiten sind flexibel, werden jedoch je nach laufenden Vermietungen angepasst.<\/span><br data-start=\"347\" data-end=\"350\"><span style=\"color: #ffffff;\">Wir bitten Sie lediglich, uns zu informieren, wenn Sie zwischen <strong data-start=\"431\" data-end=\"444\">20:00 und 8:00 Uhr<\/strong> anreisen m\u00f6chten, damit wir uns bestm\u00f6glich organisieren k\u00f6nnen.<\/span><\/p>\n<p>[\/et_pb_accordion_item][et_pb_accordion_item title=&#8220;Wie l\u00e4uft die Anreise ab?&#8220; _builder_version=&#8220;4.27.4&#8243; _module_preset=&#8220;default&#8220; global_colors_info=&#8220;{}&#8220; open=&#8220;off&#8220;]<\/p>\n<p><span style=\"color: #ffffff;\">Vor Ihrem Aufenthalt senden wir Ihnen alle Anweisungen f\u00fcr den Zugang zum Haus. Es ist einfach und selbstst\u00e4ndig, dennoch sind wir bei Bedarf erreichbar. <\/span><\/p>\n<p>[\/et_pb_accordion_item][et_pb_accordion_item title=&#8220;Wie viele Personen kann das Haus beherbergen?&#8220; open=&#8220;off&#8220; _builder_version=&#8220;4.27.4&#8243; _module_preset=&#8220;default&#8220; global_colors_info=&#8220;{}&#8220;]<\/p>\n<p><span style=\"color: #ffffff;\">Das Haus bietet Platz f\u00fcr bis zu <strong data-start=\"254\" data-end=\"269\">4 Personen<\/strong>. Es verf\u00fcgt \u00fcber ein <strong data-start=\"292\" data-end=\"317\">privates Doppelzimmer<\/strong> und ein <strong data-start=\"326\" data-end=\"352\">Schlafsofa mit echter Doppelmatratze<\/strong> im Wohnzimmer \u2013 perfekt f\u00fcr ein Paar, eine kleine Familie oder zwei Paare. <\/span><\/p>\n<p>[\/et_pb_accordion_item][\/et_pb_accordion][\/et_pb_column][\/et_pb_row][et_pb_row column_structure=&#8220;1_2,1_2&#8243; use_custom_gutter=&#8220;on&#8220; gutter_width=&#8220;2&#8243; _builder_version=&#8220;4.27.2&#8243; _module_preset=&#8220;2929c11c-a2ed-4420-9738-daa1068942d3&#8243; global_colors_info=&#8220;{}&#8220;][et_pb_column type=&#8220;1_2&#8243; _builder_version=&#8220;4.27.2&#8243; _module_preset=&#8220;default&#8220; global_colors_info=&#8220;{}&#8220;][et_pb_pricing_tables disabled_on=&#8220;on|on|on&#8220; _builder_version=&#8220;4.27.2&#8243; _module_preset=&#8220;34e09e35-dfe6-456e-9c3f-ae1c5e7be6da&#8220; background_color=&#8220;gcid-secondary-color&#8220; disabled=&#8220;on&#8220; global_colors_info=&#8220;{%22gcid-body-color%22:%91%22bullet_color%22,%22body_text_color%22,%22currency_frequency_text_color%22,%22bullet_color%22,%22body_text_color%22,%22currency_frequency_text_color%22,%22bullet_color%22,%22body_text_color%22,%22currency_frequency_text_color%22,%22bullet_color%22,%22body_text_color%22,%22currency_frequency_text_color%22%93,%22gcid-heading-color%22:%91%22header_text_color%22,%22subheader_text_color%22,%22price_text_color%22,%22header_text_color%22,%22subheader_text_color%22,%22price_text_color%22,%22header_text_color%22,%22subheader_text_color%22,%22price_text_color%22,%22header_text_color%22,%22subheader_text_color%22,%22price_text_color%22%93,%22gcid-70184d90-89dc-4d37-8a72-67bb78c7369e%22:%91%22featured_table_background_color%22,%22featured_table_background_color%22,%22featured_table_background_color%22%93,%22gcid-secondary-color%22:%91%22background_color%22%93}&#8220;][et_pb_pricing_table title=&#8220;Standardaufenthalt&#8220; subtitle=&#8220;1\u20133 G\u00e4ste&#8220; currency=&#8220;$&#8220; per=&#8220;Nacht&#8220; sum=&#8220;149&#8243; button_url=&#8220;#&#8220; button_text=&#8220;Jetzt buchen&#8220; _builder_version=&#8220;4.27.2&#8243; _module_preset=&#8220;default&#8220; global_colors_info=&#8220;{}&#8220; sticky_transition=&#8220;on&#8220;]<\/p>\n<p>+ Komfortables Zimmer mit Queensize-Bett<br \/>+ T\u00e4gliches Fr\u00fchst\u00fcck inklusive<br \/>+ Kostenloses WLAN und TV-Zugang<br \/>+ Kostenlose Pflegeprodukte und Handt\u00fccher<br \/>+ Pers\u00f6nlicher Concierge-Service<br \/>+ Kostenloses Parken vor Ort<\/p>\n<p>[\/et_pb_pricing_table][\/et_pb_pricing_tables][\/et_pb_column][et_pb_column type=&#8220;1_2&#8243; _builder_version=&#8220;4.27.2&#8243; _module_preset=&#8220;default&#8220; global_colors_info=&#8220;{}&#8220;][et_pb_pricing_tables disabled_on=&#8220;on|on|on&#8220; _builder_version=&#8220;4.27.2&#8243; _module_preset=&#8220;34e09e35-dfe6-456e-9c3f-ae1c5e7be6da&#8220; disabled=&#8220;on&#8220; locked=&#8220;off&#8220; global_colors_info=&#8220;{%22gcid-a39f193c-08f5-4d8f-9141-ea4b209ccb46%22:%91%22featured_table_background_color%22,%22featured_table_background_color%22,%22featured_table_background_color%22%93,%22gcid-primary-color%22:%91%22background_color%22,%22background_color%22,%22background_color%22,%22background_color%22%93,%22gcid-body-color%22:%91%22body_text_color%22,%22currency_frequency_text_color%22,%22body_text_color%22,%22currency_frequency_text_color%22%93,%22gcid-heading-color%22:%91%22header_text_color%22,%22subheader_text_color%22,%22price_text_color%22,%22header_text_color%22,%22subheader_text_color%22,%22price_text_color%22%93,%22gcid-70184d90-89dc-4d37-8a72-67bb78c7369e%22:%91%22featured_table_background_color%22,%22featured_table_background_color%22%93}&#8220;][et_pb_pricing_table title=&#8220;Gruppen&#8220; subtitle=&#8220;4 oder mehr G\u00e4ste&#8220; currency=&#8220;$&#8220; per=&#8220;Nacht&#8220; sum=&#8220;199&#8243; button_url=&#8220;#&#8220; button_text=&#8220;Jetzt buchen&#8220; _builder_version=&#8220;4.27.2&#8243; _module_preset=&#8220;default&#8220; global_colors_info=&#8220;{}&#8220; sticky_transition=&#8220;on&#8220;]<\/p>\n<p>+ Komfortables Zimmer mit Queensize-Bett<br \/>+ T\u00e4gliches Fr\u00fchst\u00fcck inklusive<br \/>+ Kostenloses WLAN und TV-Zugang<br \/>+ Kostenlose Pflegeprodukte und Handt\u00fccher<br \/>+ Pers\u00f6nlicher Concierge-Service<br \/>+ Kostenloses Parken vor Ort<\/p>\n<p>[\/et_pb_pricing_table][\/et_pb_pricing_tables][\/et_pb_column][\/et_pb_row][et_pb_row _builder_version=&#8220;4.27.4&#8243; _module_preset=&#8220;default&#8220; global_colors_info=&#8220;{}&#8220;][et_pb_column type=&#8220;4_4&#8243; _builder_version=&#8220;4.27.4&#8243; _module_preset=&#8220;default&#8220; global_colors_info=&#8220;{}&#8220;][et_pb_code _builder_version=&#8220;4.27.4&#8243; _module_preset=&#8220;default&#8220; text_orientation=&#8220;center&#8220; global_colors_info=&#8220;{}&#8220;]<\/p>\n<div id=\"paypal-container-SPBSRGL2DT6LE\"><\/div>\n<p><!-- [et_pb_line_break_holder] --><script><!-- [et_pb_line_break_holder] -->  paypal.HostedButtons({<!-- [et_pb_line_break_holder] -->    hostedButtonId: \"SPBSRGL2DT6LE\",<!-- [et_pb_line_break_holder] -->  }).render(\"#paypal-container-SPBSRGL2DT6LE\")<!-- [et_pb_line_break_holder] --><\/script>[\/et_pb_code][\/et_pb_column][\/et_pb_row][\/et_pb_section]<\/p>\n","protected":false},"excerpt":{"rendered":"<p>Da Nonna Rosetta Reservierung<div class=\"mphb_sc_search-wrapper \">\n<form method=\"GET\" class=\"mphb_sc_search-form\" action=\"https:\/\/www.danonnarosetta.com\/de\/suchergebnisse\/\" data-first_available_check_in_date=\"2026-04-18\">\n\n\t<p class = \"mphb-required-fields-tip\">\n\t<small>\n\t\tErforderliche Felder werden gefolgt von\t\t<abbr title=\"required\">*<\/abbr>\n\t<\/small>\n<\/p>\n\n\t<p class=\"mphb_sc_search-check-in-date\">\n\t\t<label for=\"mphb_check_in_date-mphb-search-form-69e40c938ec2a\">\n\t\t\tAnreise\t\t\t<abbr title=\"Formatiert als dd\/mm\/yyyy\">*<\/abbr>\n\t\t<\/label>\n\t\t<br \/>\n\t\t<input\n\t\t\tid=\"mphb_check_in_date-mphb-search-form-69e40c938ec2a\"\n\t\t\tdata-datepick-group=\"mphb-search-form-69e40c938ec2a\"\n\t\t\tvalue=\"\"\n\t\t\tplaceholder=\"Anreisedatum\"\n\t\t\trequired=\"required\"\n\t\t\ttype=\"text\"\n\t\t\tinputmode=\"none\"\n\t\t\tname=\"mphb_check_in_date\"\n\t\t\tclass=\"mphb-datepick\"\n\t\t\tautocomplete=\"off\"\n\t\t\t\/>\n\t<\/p>\n\n\t<p class=\"mphb_sc_search-check-out-date\">\n\t\t<label for=\"mphb_check_out_date-mphb-search-form-69e40c938ec2a\">\n\t\t\tAbreise\t\t\t<abbr title=\"Formatiert als dd\/mm\/yyyy\">*<\/abbr>\n\t\t<\/label>\n\t\t<br \/>\n\t\t<input\n\t\t\tid=\"mphb_check_out_date-mphb-search-form-69e40c938ec2a\"\n\t\t\tdata-datepick-group=\"mphb-search-form-69e40c938ec2a\"\n\t\t\tvalue=\"\"\n\t\t\tplaceholder=\"Abreisedatum\"\n\t\t\trequired=\"required\"\n\t\t\ttype=\"text\"\n\t\t\tinputmode=\"none\"\n\t\t\tname=\"mphb_check_out_date\"\n\t\t\tclass=\"mphb-datepick\"\n\t\t\tautocomplete=\"off\"\n\t\t\t\/>\n\t<\/p>\n\n\t\t\t<p class=\"mphb_sc_search-adults\">\n\t\t\t<label for=\"mphb_adults-mphb-search-form-69e40c938ec2a\">\n\t\t\t\tErwachsene\t\t\t<\/label>\n\t\t\t<br \/>\n\t\t\t<select id=\"mphb_adults-mphb-search-form-69e40c938ec2a\" name=\"mphb_adults\" >\n\t\t\t\t\t\t\t\t\t<option value=\"1\"  selected='selected'>1<\/option>\n\t\t\t\t\t\t\t\t\t<option value=\"2\" >2<\/option>\n\t\t\t\t\t\t\t\t\t<option value=\"3\" >3<\/option>\n\t\t\t\t\t\t\t\t\t<option value=\"4\" >4<\/option>\n\t\t\t\t\t\t\t<\/select>\n\t\t<\/p>\n\t\n\t\t\t<p class=\"mphb_sc_search-children\">\n\t\t\t<label for=\"mphb_children-mphb-search-form-69e40c938ec2a\">\n\t\t\t\tKinder\t\t\t<\/label>\n\t\t\t<br \/>\n\t\t\t<select id=\"mphb_children-mphb-search-form-69e40c938ec2a\" name=\"mphb_children\">\n\t\t\t\t\t\t\t\t\t<option value=\"0\"  selected='selected'>0<\/option>\n\t\t\t\t\t\t\t\t\t<option value=\"1\" >1<\/option>\n\t\t\t\t\t\t\t\t\t<option value=\"2\" >2<\/option>\n\t\t\t\t\t\t\t\t\t<option value=\"3\" >3<\/option>\n\t\t\t\t\t\t\t<\/select>\n\t\t<\/p>\n\t\n\t\n\t\n\t<input id=\"mphb_check_in_date-mphb-search-form-69e40c938ec2a-hidden\" value=\"\" type=\"hidden\" name=\"mphb_check_in_date\" \/><input id=\"mphb_check_out_date-mphb-search-form-69e40c938ec2a-hidden\" value=\"\" type=\"hidden\" name=\"mphb_check_out_date\" \/>\n\t<p class=\"mphb_sc_search-submit-button-wrapper\">\n\t\t<input type=\"submit\" class=\"button\" value=\"Suche\"\/>\n\t<\/p>\n\n\t\n<\/form>\n<\/div><div class=\"mphb_sc_search_results-wrapper \"><div class=\"mphb-errors-wrapper\">\n\t<\/div>\n<\/div>Der Preis beinhaltet die Miete des Hauses, Bettw\u00e4sche und Handt\u00fccher, WLAN sowie einen privaten Parkplatz.Reinigungskosten, Verwaltungsgeb\u00fchren und Steuern sind ebenfalls im Preis enthalten.Die An- und Abreisezeiten sind flexibel, werden jedoch je nach laufenden Vermietungen angepasst.Wir bitten Sie lediglich, uns zu informieren, wenn Sie zwischen 20:00 und 8:00 Uhr anreisen m\u00f6chten, damit wir [&hellip;]<\/p>\n","protected":false},"author":1,"featured_media":0,"parent":0,"menu_order":0,"comment_status":"closed","ping_status":"closed","template":"","meta":{"_et_pb_use_builder":"on","_et_pb_old_content":"","_et_gb_content_width":"","footnotes":""},"class_list":["post-1174","page","type-page","status-publish","hentry"],"_links":{"self":[{"href":"https:\/\/www.danonnarosetta.com\/de\/wp-json\/wp\/v2\/pages\/1174","targetHints":{"allow":["GET"]}}],"collection":[{"href":"https:\/\/www.danonnarosetta.com\/de\/wp-json\/wp\/v2\/pages"}],"about":[{"href":"https:\/\/www.danonnarosetta.com\/de\/wp-json\/wp\/v2\/types\/page"}],"author":[{"embeddable":true,"href":"https:\/\/www.danonnarosetta.com\/de\/wp-json\/wp\/v2\/users\/1"}],"replies":[{"embeddable":true,"href":"https:\/\/www.danonnarosetta.com\/de\/wp-json\/wp\/v2\/comments?post=1174"}],"version-history":[{"count":1,"href":"https:\/\/www.danonnarosetta.com\/de\/wp-json\/wp\/v2\/pages\/1174\/revisions"}],"predecessor-version":[{"id":1176,"href":"https:\/\/www.danonnarosetta.com\/de\/wp-json\/wp\/v2\/pages\/1174\/revisions\/1176"}],"wp:attachment":[{"href":"https:\/\/www.danonnarosetta.com\/de\/wp-json\/wp\/v2\/media?parent=1174"}],"curies":[{"name":"wp","href":"https:\/\/api.w.org\/{rel}","templated":true}]}}