{"id":908,"date":"2025-04-18T09:49:10","date_gmt":"2025-04-18T09:49:10","guid":{"rendered":"https:\/\/www.danonnarosetta.com\/ueber-uns\/"},"modified":"2026-03-15T21:55:54","modified_gmt":"2026-03-15T21:55:54","slug":"ueber-uns","status":"publish","type":"page","link":"https:\/\/www.danonnarosetta.com\/de\/ueber-uns\/","title":{"rendered":"\u00dcber uns"},"content":{"rendered":"<p>[et_pb_section fb_built=&#8220;1&#8243; _builder_version=&#8220;4.27.5&#8243; _module_preset=&#8220;default&#8220; background_image=&#8220;https:\/\/www.danonnarosetta.com\/wp-content\/uploads\/2025\/05\/20240715_182200670_iOS-scaled.jpg&#8220; min_height=&#8220;400px&#8220; height=&#8220;400px&#8220; custom_margin=&#8220;0px||30px||false|false&#8220; custom_padding=&#8220;6px||6px||false|false&#8220; hover_enabled=&#8220;0&#8243; global_colors_info=&#8220;{}&#8220; sticky_enabled=&#8220;0&#8243;][et_pb_row _builder_version=&#8220;4.27.5&#8243; _module_preset=&#8220;default&#8220; global_colors_info=&#8220;{}&#8220;][et_pb_column type=&#8220;4_4&#8243; _builder_version=&#8220;4.27.5&#8243; _module_preset=&#8220;default&#8220; global_colors_info=&#8220;{}&#8220;][et_pb_text _builder_version=&#8220;4.27.5&#8243; _module_preset=&#8220;default&#8220; custom_margin=&#8220;100px||0px||false|false&#8220; custom_padding=&#8220;0px||0px||false|false&#8220; global_colors_info=&#8220;{}&#8220;]<\/p>\n<h1 style=\"text-align: center;\"><span style=\"color: #0a0563;\">\u00dcber uns<\/span><\/h1>\n<p>[\/et_pb_text][\/et_pb_column][\/et_pb_row][\/et_pb_section][et_pb_section fb_built=&#8220;1&#8243; admin_label=&#8220;About&#8220; _builder_version=&#8220;4.27.2&#8243; _module_preset=&#8220;default&#8220; locked=&#8220;off&#8220; collapsed=&#8220;on&#8220; global_colors_info=&#8220;{}&#8220;][et_pb_row _builder_version=&#8220;4.27.2&#8243; _module_preset=&#8220;default&#8220; max_width=&#8220;800px&#8220; custom_padding=&#8220;0px|||||&#8220; global_colors_info=&#8220;{}&#8220;][et_pb_column type=&#8220;4_4&#8243; _builder_version=&#8220;4.21.0&#8243; _module_preset=&#8220;default&#8220; global_colors_info=&#8220;{}&#8220;][et_pb_text _builder_version=&#8220;4.27.5&#8243; _module_preset=&#8220;6c31d244-4d9f-4b09-8613-dcb9923623a1&#8243; text_orientation=&#8220;center&#8220; global_colors_info=&#8220;{}&#8220;]<\/p>\n<p class=\"cvGsUA direction-ltr align-justify para-style-body\" style=\"text-align: justify;\"><span style=\"font-family: inherit;\"><span class=\"OYPEnA font-feature-liga-off font-feature-clig-off font-feature-calt-off text-decoration-none text-strikethrough-none\">Willkommen bei Da Nonna Rosetta, einem Ort, an dem jeder Stein die Handschrift unserer Familie und ihre tiefe Verbindung zu Ischia tr\u00e4gt. <\/span><span style=\"font-size: 16px;\">Unsere Geschichte hier reicht Generationen zur\u00fcck. V\u00e4terlicherseits sind wir eine Inselfamilie, die seit jeher in dieser Erde verwurzelt ist. Jeden Sommer kehren wir in dieses Haus zur\u00fcck, das weit mehr als nur ein Heim ist \u2013 es ist ein Ort, an dem das Leben bei gemeinsamen Mahlzeiten, Lachen und Geschichten geteilt wird.<\/span><\/span><\/p>\n<p class=\"cvGsUA direction-ltr align-justify para-style-body\" style=\"text-align: justify;\"><span style=\"font-family: inherit;\"><span class=\"OYPEnA font-feature-liga-off font-feature-clig-off font-feature-calt-off text-decoration-none text-strikethrough-none\">Im Mittelpunkt von all dem stand Rosa, genannt Rosetta. Eine Frau von Charakter und immenser Gro\u00dfz\u00fcgigkeit. Wer zu ihr kam, ging immer mit einer Erinnerung, einem Geschmackserlebnis oder einem Moment der Gemeinschaft nach Hause. In der Schweiz, wo sie einige Jahre lebte, kn\u00fcpfte sie tiefe Freundschaften. Und als sie nach Ischia zur\u00fcckkehrte, empfing sie ganz selbstverst\u00e4ndlich weiterhin G\u00e4ste und lud ihre Liebsten ein, die Insel so zu entdecken, wie sie sie liebte.    <\/span><span class=\"OYPEnA font-feature-liga-off font-feature-clig-off font-feature-calt-off text-decoration-none text-strikethrough-none\"><\/span><\/span><\/p>\n<p class=\"cvGsUA direction-ltr align-justify para-style-body\" style=\"text-align: justify;\"><span class=\"OYPEnA font-feature-liga-off font-feature-clig-off font-feature-calt-off text-decoration-none text-strikethrough-none\" style=\"font-family: inherit;\">An ihrer Seite war ihr Bruder, Zio Luciano. Er stand Rosetta sehr nahe und teilte mit ihr dieses Familiengrundst\u00fcck. Die beiden benachbarten H\u00e4user waren Schauplatz gemeinsamer Erinnerungen, geteilter Mahlzeiten und einfacher, wahrhaftiger Momente, die ihren Alltag pr\u00e4gten. Auch wenn Luciano und Rosetta heute nicht mehr da sind, bleibt der Ort von ihrer Pr\u00e4senz erf\u00fcllt. Die G\u00e4rten, die Mauern, der Blick auf das Meer \u2026 alles tr\u00e4gt noch die Spuren dessen, was sie gemeinsam aufgebaut und geteilt haben.    <\/span><\/p>\n<p class=\"cvGsUA direction-ltr align-justify para-style-body\" style=\"text-align: justify;\"><span class=\"OYPEnA font-feature-liga-off font-feature-clig-off font-feature-calt-off text-decoration-none text-strikethrough-none\" style=\"font-family: inherit;\"><\/span><\/p>\n<p class=\"cvGsUA direction-ltr align-justify para-style-body\" style=\"text-align: justify;\"><span class=\"OYPEnA font-feature-liga-off font-feature-clig-off font-feature-calt-off text-decoration-none text-strikethrough-none\" style=\"font-family: inherit;\">Rosetta war auch eine Frau der Erde. Rund um dieses Haus bestellte sie ihre Felder mit Leidenschaft. Tomaten, Trauben, Zucchini, Birnen \u2026 jede Jahreszeit brachte ihre Ernte. Und so erinnern wir uns an sie: in ihrem Garten, die H\u00e4nde in der Erde, \u00fcber ihre Pflanzen wachend, so wie sie \u00fcber uns wachte.   <\/span><\/p>\n<p class=\"cvGsUA direction-ltr align-justify para-style-body\" style=\"text-align: justify;\"><span style=\"font-family: inherit;\"><span class=\"OYPEnA font-feature-liga-off font-feature-clig-off font-feature-calt-off text-decoration-none text-strikethrough-none\">Als sie uns verlie\u00df, wollten wir diesen Ort bewahren und ihn weiterleben lassen. Jedes Detail, jeder gemeinsame Moment ist eine Erinnerung an sie, an die kostbaren Augenblicke an ihrer Seite und das Ergebnis all der Arbeit, die sie auf diesem Grundst\u00fcck geleistet hat. <\/span><span class=\"OYPEnA font-feature-liga-off font-feature-clig-off font-feature-calt-off text-decoration-none text-strikethrough-none\"><strong>Da Nonna Rosetta<\/strong> entstand aus dem Wunsch heraus, anderen die M\u00f6glichkeit zu geben, Ischia so zu entdecken, wie sie es getan h\u00e4tte \u2013 mit Gro\u00dfz\u00fcgigkeit und Einfachheit. Es ist nicht nur ein Haus, es ist ein Erbe, eine Familiengeschichte, eine Hommage an diejenige, die uns gelehrt hat, das zu pflegen, was uns umgibt. Heute laden wir Sie ein, das zu entdecken, was uns hier schon immer verzaubert hat: Authentizit\u00e4t, die Sch\u00f6nheit der Einfachheit und ein St\u00fcck Ischia, das hoffentlich auch ein wenig zu Ihrem wird.<\/span><\/span><span class=\"OYPEnA font-feature-liga-off font-feature-clig-off font-feature-calt-off text-decoration-none text-strikethrough-none white-space-prewrap\"><\/span><\/p>\n<p>[\/et_pb_text][\/et_pb_column][\/et_pb_row][et_pb_row column_structure=&#8220;2_5,3_5&#8243; use_custom_gutter=&#8220;on&#8220; gutter_width=&#8220;2&#8243; make_equal=&#8220;on&#8220; _builder_version=&#8220;4.27.5&#8243; _module_preset=&#8220;2929c11c-a2ed-4420-9738-daa1068942d3&#8243; global_colors_info=&#8220;{}&#8220;][et_pb_column type=&#8220;2_5&#8243; _builder_version=&#8220;4.27.5&#8243; _module_preset=&#8220;default&#8220; background_image=&#8220;https:\/\/www.danonnarosetta.com\/wp-content\/uploads\/2025\/11\/20250529_192225-scaled.jpg&#8220; background_position=&#8220;center_right&#8220; border_radii=&#8220;on|10px|10px|10px|10px&#8220; global_colors_info=&#8220;{}&#8220;][et_pb_divider show_divider=&#8220;off&#8220; _builder_version=&#8220;4.21.0&#8243; _module_preset=&#8220;default&#8220; height_tablet=&#8220;40vw&#8220; height_phone=&#8220;40vw&#8220; height_last_edited=&#8220;on|desktop&#8220; locked=&#8220;off&#8220; global_colors_info=&#8220;{}&#8220;][\/et_pb_divider][\/et_pb_column][et_pb_column type=&#8220;3_5&#8243; _builder_version=&#8220;4.27.2&#8243; _module_preset=&#8220;160ab5fa-594f-4f37-baed-39841174acd0&#8243; custom_padding=&#8220;7vw|50px|7vw|50px|true|true&#8220; custom_padding_tablet=&#8220;7vw|30px|7vw|30px|true|true&#8220; custom_padding_phone=&#8220;7vw|20px|7vw|20px|true|true&#8220; global_colors_info=&#8220;{}&#8220;][et_pb_heading title=&#8220;Eine Oase der Ruhe im Herzen von Ischia&#8220; _builder_version=&#8220;4.27.4&#8243; _module_preset=&#8220;137d4019-cabd-4acf-a947-690e79b5df29&#8243; custom_margin=&#8220;||10px||false|false&#8220; global_colors_info=&#8220;{}&#8220;][\/et_pb_heading][et_pb_text _builder_version=&#8220;4.27.5&#8243; _module_preset=&#8220;6c31d244-4d9f-4b09-8613-dcb9923623a1&#8243; custom_padding=&#8220;||0px|||&#8220; global_colors_info=&#8220;{}&#8220;]<\/p>\n<p data-start=\"1258\" data-end=\"1407\" style=\"text-align: justify;\"><span style=\"color: #ffffff;\">Eingebettet in Forio auf der wundersch\u00f6nen Insel Ischia ist <strong data-start=\"1306\" data-end=\"1326\">Da Nonna Rosetta<\/strong> heute ein Ort der Gastfreundschaft, der als Erweiterung dieser Geschichte konzipiert wurde.<\/span><\/p>\n<p data-start=\"1409\" data-end=\"1763\"><span style=\"color: #ffffff;\">Dieses Ferienhaus verbindet traditionellen Charme mit modernem Komfort. Es wurde so eingerichtet, dass sich jeder Gast wie zu Hause f\u00fchlt \u2013 in einer einfachen, sanften und authentischen Atmosph\u00e4re. Ideal f\u00fcr einen Aufenthalt zu zweit, mit Freunden oder der Familie, l\u00e4dt es dazu ein, zur Ruhe zu kommen, die einfachen Freuden zu genie\u00dfen und Ischia mit den Augen eines Einheimischen zu entdecken.  <\/span><\/p>\n<p data-start=\"1765\" data-end=\"2009\"><span style=\"color: #ffffff;\">Nur wenige Schritte von den Str\u00e4nden, dem historischen Zentrum und den Thermalg\u00e4rten entfernt, ist es der perfekte Ausgangspunkt, um die Insel zu erkunden.<\/span><\/p>\n<p>[\/et_pb_text][\/et_pb_column][\/et_pb_row][et_pb_row _builder_version=&#8220;4.22.0&#8243; _module_preset=&#8220;default&#8220; locked=&#8220;off&#8220; global_colors_info=&#8220;{}&#8220;][et_pb_column type=&#8220;4_4&#8243; _builder_version=&#8220;4.22.0&#8243; _module_preset=&#8220;default&#8220; global_colors_info=&#8220;{}&#8220;][et_pb_button button_url=&#8220;https:\/\/www.danonnarosetta.com\/pricing\/&#8220; button_text=&#8220;Buchen Sie Ihren Aufenthalt&#8220; button_alignment=&#8220;center&#8220; _builder_version=&#8220;4.27.5&#8243; _module_preset=&#8220;5c488ea4-d458-44fc-b0a4-f2255d49b10b&#8220; button_bg_color=&#8220;gcid-a39f193c-08f5-4d8f-9141-ea4b209ccb46&#8243; global_colors_info=&#8220;{%22gcid-a39f193c-08f5-4d8f-9141-ea4b209ccb46%22:%91%22button_bg_color%22%93}&#8220;][\/et_pb_button][\/et_pb_column][\/et_pb_row][\/et_pb_section]<\/p>\n","protected":false},"excerpt":{"rendered":"<p>\u00dcber unsWillkommen bei Da Nonna Rosetta, einem Ort, an dem jeder Stein die Handschrift unserer Familie und ihre tiefe Verbindung zu Ischia tr\u00e4gt. Unsere Geschichte hier reicht Generationen zur\u00fcck. V\u00e4terlicherseits sind wir eine Inselfamilie, die seit jeher in dieser Erde verwurzelt ist. Jeden Sommer kehren wir in dieses Haus zur\u00fcck, das weit mehr als nur [&hellip;]<\/p>\n","protected":false},"author":1,"featured_media":0,"parent":0,"menu_order":0,"comment_status":"closed","ping_status":"closed","template":"","meta":{"_et_pb_use_builder":"on","_et_pb_old_content":"","_et_gb_content_width":"","footnotes":""},"class_list":["post-908","page","type-page","status-publish","hentry"],"_links":{"self":[{"href":"https:\/\/www.danonnarosetta.com\/de\/wp-json\/wp\/v2\/pages\/908","targetHints":{"allow":["GET"]}}],"collection":[{"href":"https:\/\/www.danonnarosetta.com\/de\/wp-json\/wp\/v2\/pages"}],"about":[{"href":"https:\/\/www.danonnarosetta.com\/de\/wp-json\/wp\/v2\/types\/page"}],"author":[{"embeddable":true,"href":"https:\/\/www.danonnarosetta.com\/de\/wp-json\/wp\/v2\/users\/1"}],"replies":[{"embeddable":true,"href":"https:\/\/www.danonnarosetta.com\/de\/wp-json\/wp\/v2\/comments?post=908"}],"version-history":[{"count":2,"href":"https:\/\/www.danonnarosetta.com\/de\/wp-json\/wp\/v2\/pages\/908\/revisions"}],"predecessor-version":[{"id":912,"href":"https:\/\/www.danonnarosetta.com\/de\/wp-json\/wp\/v2\/pages\/908\/revisions\/912"}],"wp:attachment":[{"href":"https:\/\/www.danonnarosetta.com\/de\/wp-json\/wp\/v2\/media?parent=908"}],"curies":[{"name":"wp","href":"https:\/\/api.w.org\/{rel}","templated":true}]}}