{"id":913,"date":"2025-04-18T09:49:10","date_gmt":"2025-04-18T09:49:10","guid":{"rendered":"https:\/\/www.danonnarosetta.com\/ausstattung\/"},"modified":"2026-03-15T21:56:06","modified_gmt":"2026-03-15T21:56:06","slug":"ausstattung","status":"publish","type":"page","link":"https:\/\/www.danonnarosetta.com\/de\/ausstattung\/","title":{"rendered":"Ausstattung"},"content":{"rendered":"<p>[et_pb_section fb_built=&#8220;1&#8243; _builder_version=&#8220;4.27.5&#8243; _module_preset=&#8220;default&#8220; background_image=&#8220;https:\/\/www.danonnarosetta.com\/wp-content\/uploads\/2025\/05\/20240812_091408350_iOS-scaled.jpg&#8220; min_height=&#8220;400px&#8220; height=&#8220;400px&#8220; hover_enabled=&#8220;0&#8243; global_colors_info=&#8220;{}&#8220; sticky_enabled=&#8220;0&#8243; custom_padding=&#8220;||||false|false&#8220; custom_margin=&#8220;||30px||false|false&#8220;][et_pb_row _builder_version=&#8220;4.27.5&#8243; _module_preset=&#8220;default&#8220; global_colors_info=&#8220;{}&#8220;][et_pb_column type=&#8220;4_4&#8243; _builder_version=&#8220;4.27.5&#8243; _module_preset=&#8220;default&#8220; global_colors_info=&#8220;{}&#8220;][et_pb_text _builder_version=&#8220;4.27.5&#8243; _module_preset=&#8220;default&#8220; custom_margin=&#8220;70px|||0px|false|false&#8220; global_colors_info=&#8220;{}&#8220;]<\/p>\n<h1 style=\"text-align: center;\"><span style=\"color: #11034f;\">Ausstattung und Services<\/span><\/h1>\n<p>[\/et_pb_text][\/et_pb_column][\/et_pb_row][\/et_pb_section][et_pb_section fb_built=&#8220;1&#8243; admin_label=&#8220;Features&#8220; _builder_version=&#8220;4.27.5&#8243; _module_preset=&#8220;52dcc98b-3eaf-44a7-aec3-7b5ed6622b70&#8243; background_color=&#8220;gcid-70184d90-89dc-4d37-8a72-67bb78c7369e&#8220; width_tablet=&#8220;&#8220; width_phone=&#8220;&#8220; width_last_edited=&#8220;on|desktop&#8220; custom_margin=&#8220;60px||30px||false|false&#8220; custom_padding=&#8220;6px||6px||false|false&#8220; hover_enabled=&#8220;0&#8243; saved_tabs=&#8220;all&#8220; locked=&#8220;off&#8220; collapsed=&#8220;on&#8220; global_colors_info=&#8220;{%22gcid-70184d90-89dc-4d37-8a72-67bb78c7369e%22:%91%22background_color%22%93}&#8220; sticky_enabled=&#8220;0&#8243;][et_pb_row column_structure=&#8220;1_3,1_3,1_3&#8243; custom_padding_last_edited=&#8220;on|desktop&#8220; _builder_version=&#8220;4.27.2&#8243; _module_preset=&#8220;default&#8220; custom_padding_tablet=&#8220;||0px||false|false&#8220; custom_padding_phone=&#8220;||0px||false|false&#8220; saved_tabs=&#8220;all&#8220; locked=&#8220;off&#8220; global_colors_info=&#8220;{}&#8220;][et_pb_column type=&#8220;1_3&#8243; _builder_version=&#8220;4.21.0&#8243; _module_preset=&#8220;default&#8220; global_colors_info=&#8220;{}&#8220;][et_pb_blurb title=&#8220;Ausgestattete K\u00fcche&#8220; use_icon=&#8220;on&#8220; font_icon=&#8220;&#xf0f4;||fa||900&#8243; icon_placement=&#8220;top&#8220; icon_alignment=&#8220;center&#8220; _builder_version=&#8220;4.27.5&#8243; _module_preset=&#8220;8f74c1d2-b480-41fb-aac8-d0ec83698e6f&#8220; header_text_color=&#8220;#FFFFFF&#8220; text_orientation=&#8220;center&#8220; global_colors_info=&#8220;{}&#8220;]<\/p>\n<p style=\"padding-left: 40px; text-align: justify;\"><span style=\"color: #ffffff;\">Italienische Kaffeemaschine, Wasserkocher, Backofen, Mikrowelle, K\u00fchlschrank, Gefrierschrank, Geschirr\u2026 Sie haben alles Notwendige, um Ihre Gerichte wie zu Hause zuzubereiten.<\/span><\/p>\n<p>[\/et_pb_blurb][\/et_pb_column][et_pb_column type=&#8220;1_3&#8243; _builder_version=&#8220;4.21.0&#8243; _module_preset=&#8220;default&#8220; global_colors_info=&#8220;{}&#8220;][et_pb_blurb title=&#8220;Badezimmer&#8220; use_icon=&#8220;on&#8220; font_icon=&#8220;&#xf2cd;||fa||900&#8243; icon_placement=&#8220;top&#8220; icon_alignment=&#8220;center&#8220; _builder_version=&#8220;4.27.5&#8243; _module_preset=&#8220;8f74c1d2-b480-41fb-aac8-d0ec83698e6f&#8220; header_text_color=&#8220;#FFFFFF&#8220; text_orientation=&#8220;center&#8220; locked=&#8220;off&#8220; global_colors_info=&#8220;{}&#8220;]<\/p>\n<p style=\"padding-left: 40px; text-align: justify;\"><span style=\"color: #ffffff;\">Sie finden dort eine Dusche, Badet\u00fccher, einen Haartrockner sowie eine Waschmaschine bei Bedarf.<\/span><\/p>\n<p>[\/et_pb_blurb][\/et_pb_column][et_pb_column type=&#8220;1_3&#8243; _builder_version=&#8220;4.21.0&#8243; _module_preset=&#8220;default&#8220; global_colors_info=&#8220;{}&#8220;][et_pb_blurb title=&#8220;WLAN&#8220; use_icon=&#8220;on&#8220; font_icon=&#8220;&#xf1eb;||fa||900&#8243; icon_placement=&#8220;top&#8220; icon_alignment=&#8220;center&#8220; _builder_version=&#8220;4.27.5&#8243; _module_preset=&#8220;8f74c1d2-b480-41fb-aac8-d0ec83698e6f&#8220; header_text_color=&#8220;#FFFFFF&#8220; body_text_color=&#8220;#FFFFFF&#8220; text_orientation=&#8220;center&#8220; custom_padding=&#8220;||0px|||&#8220; locked=&#8220;off&#8220; global_colors_info=&#8220;{}&#8220;]<\/p>\n<p style=\"padding-left: 40px; text-align: justify;\"><span style=\"color: #ffffff;\">WLAN-Zugang ist verf\u00fcgbar, ebenso wie ein Fernseher, f\u00fcr diejenigen, die in Verbindung bleiben oder sich abends in Ruhe entspannen m\u00f6chten.<\/span><\/p>\n<p>[\/et_pb_blurb][\/et_pb_column][\/et_pb_row][et_pb_row column_structure=&#8220;1_3,1_3,1_3&#8243; custom_padding_last_edited=&#8220;on|desktop&#8220; _builder_version=&#8220;4.27.2&#8243; _module_preset=&#8220;default&#8220; custom_padding_tablet=&#8220;||0px||false|false&#8220; custom_padding_phone=&#8220;||0px||false|false&#8220; saved_tabs=&#8220;all&#8220; locked=&#8220;off&#8220; global_colors_info=&#8220;{}&#8220;][et_pb_column type=&#8220;1_3&#8243; _builder_version=&#8220;4.21.0&#8243; _module_preset=&#8220;default&#8220; global_colors_info=&#8220;{}&#8220;][et_pb_blurb title=&#8220;Komfort &amp; Entspannung&#8220; use_icon=&#8220;on&#8220; font_icon=&#8220;&#xf236;||fa||900&#8243; icon_placement=&#8220;top&#8220; icon_alignment=&#8220;center&#8220; _builder_version=&#8220;4.27.5&#8243; _module_preset=&#8220;8f74c1d2-b480-41fb-aac8-d0ec83698e6f&#8220; header_text_color=&#8220;#FFFFFF&#8220; text_orientation=&#8220;center&#8220; global_colors_info=&#8220;{}&#8220;]<\/p>\n<p style=\"padding-left: 40px; text-align: justify;\"><span style=\"color: #ffffff;\">Das Zimmer ist mit einem Doppelbett, Bettw\u00e4sche und einigen Ablagem\u00f6glichkeiten ausgestattet, damit Sie Ihre Sachen ganz einfach verstauen k\u00f6nnen.<\/span><\/p>\n<p>[\/et_pb_blurb][\/et_pb_column][et_pb_column type=&#8220;1_3&#8243; _builder_version=&#8220;4.21.0&#8243; _module_preset=&#8220;default&#8220; global_colors_info=&#8220;{}&#8220;][et_pb_blurb title=&#8220;Parkplatz&#8220; use_icon=&#8220;on&#8220; font_icon=&#8220;&#xf540;||fa||900&#8243; icon_placement=&#8220;top&#8220; icon_alignment=&#8220;center&#8220; _builder_version=&#8220;4.27.5&#8243; _module_preset=&#8220;8f74c1d2-b480-41fb-aac8-d0ec83698e6f&#8220; header_text_color=&#8220;#FFFFFF&#8220; text_orientation=&#8220;center&#8220; locked=&#8220;off&#8220; global_colors_info=&#8220;{}&#8220;]<\/p>\n<p data-start=\"1485\" data-end=\"1623\" style=\"padding-left: 40px; text-align: justify;\"><span style=\"color: #ffffff;\">Ein privater Parkplatz steht den G\u00e4sten zur Verf\u00fcgung, f\u00fcr einen sorgenfreien Aufenthalt ab Ihrer Ankunft.<\/span><\/p>\n<p>[\/et_pb_blurb][\/et_pb_column][et_pb_column type=&#8220;1_3&#8243; _builder_version=&#8220;4.21.0&#8243; _module_preset=&#8220;default&#8220; global_colors_info=&#8220;{}&#8220;][et_pb_blurb title=&#8220;Vermietung von Transportmitteln&#8220; use_icon=&#8220;on&#8220; font_icon=&#8220;&#xf1b9;||fa||900&#8243; icon_placement=&#8220;top&#8220; icon_alignment=&#8220;center&#8220; _builder_version=&#8220;4.27.5&#8243; _module_preset=&#8220;8f74c1d2-b480-41fb-aac8-d0ec83698e6f&#8220; header_text_color=&#8220;#FFFFFF&#8220; text_orientation=&#8220;center&#8220; locked=&#8220;off&#8220; global_colors_info=&#8220;{}&#8220;]<\/p>\n<p style=\"padding-left: 40px; text-align: justify;\"><span style=\"color: #ffffff;\">Wir bieten Ihnen die Vermietung von Rollern oder Autos zu g\u00fcnstigen Preisen durch einen lokalen Partner an.<\/span><\/p>\n<p>[\/et_pb_blurb][\/et_pb_column][\/et_pb_row][et_pb_row column_structure=&#8220;1_3,1_3,1_3&#8243; custom_padding_last_edited=&#8220;on|desktop&#8220; _builder_version=&#8220;4.27.2&#8243; _module_preset=&#8220;default&#8220; custom_padding_tablet=&#8220;||0px||false|false&#8220; custom_padding_phone=&#8220;||0px||false|false&#8220; saved_tabs=&#8220;all&#8220; locked=&#8220;off&#8220; global_colors_info=&#8220;{}&#8220;][et_pb_column type=&#8220;1_3&#8243; _builder_version=&#8220;4.21.0&#8243; _module_preset=&#8220;default&#8220; global_colors_info=&#8220;{}&#8220;][et_pb_blurb title=&#8220;Gute Adressen&#8220; use_icon=&#8220;on&#8220; font_icon=&#8220;&#xf57b;||fa||900&#8243; icon_placement=&#8220;top&#8220; icon_alignment=&#8220;center&#8220; _builder_version=&#8220;4.27.5&#8243; _module_preset=&#8220;8f74c1d2-b480-41fb-aac8-d0ec83698e6f&#8220; header_text_color=&#8220;#FFFFFF&#8220; text_orientation=&#8220;center&#8220; locked=&#8220;off&#8220; global_colors_info=&#8220;{}&#8220;]<\/p>\n<p style=\"padding-left: 40px; text-align: justify;\"><span style=\"color: #ffffff;\">Mit der Buchung erhalten Sie Zugang zu einem Heft mit unseren Lieblingsorten, Str\u00e4nden, Restaurants und Aktivit\u00e4ten, um Ischia so zu entdecken, wie wir es lieben.<\/span><\/p>\n<p>[\/et_pb_blurb][\/et_pb_column][et_pb_column type=&#8220;1_3&#8243; _builder_version=&#8220;4.21.0&#8243; _module_preset=&#8220;default&#8220; global_colors_info=&#8220;{}&#8220;][et_pb_blurb title=&#8220;Kleine Terrasse&#8220; use_icon=&#8220;on&#8220; font_icon=&#8220;&#xf540;||fa||900&#8243; icon_placement=&#8220;top&#8220; icon_alignment=&#8220;center&#8220; _builder_version=&#8220;4.27.5&#8243; _module_preset=&#8220;8f74c1d2-b480-41fb-aac8-d0ec83698e6f&#8220; header_text_color=&#8220;#FFFFFF&#8220; text_orientation=&#8220;center&#8220; locked=&#8220;off&#8220; global_colors_info=&#8220;{}&#8220;]<\/p>\n<p data-start=\"1485\" data-end=\"1623\" style=\"padding-left: 40px; text-align: justify;\"><span style=\"color: #ffffff;\">Eine kleine Terrasse erm\u00f6glicht es, einen Aperitif zu genie\u00dfen, w\u00e4hrend Sie den Sonnenuntergang von Forio beobachten.<\/span><\/p>\n<p>[\/et_pb_blurb][\/et_pb_column][et_pb_column type=&#8220;1_3&#8243; _builder_version=&#8220;4.21.0&#8243; _module_preset=&#8220;default&#8220; global_colors_info=&#8220;{}&#8220;][et_pb_blurb title=&#8220;Gro\u00dfe Terrasse&#8220; use_icon=&#8220;on&#8220; font_icon=&#8220;&#xf1b9;||fa||900&#8243; icon_placement=&#8220;top&#8220; icon_alignment=&#8220;center&#8220; _builder_version=&#8220;4.27.5&#8243; _module_preset=&#8220;8f74c1d2-b480-41fb-aac8-d0ec83698e6f&#8220; header_text_color=&#8220;#FFFFFF&#8220; text_orientation=&#8220;center&#8220; locked=&#8220;off&#8220; global_colors_info=&#8220;{}&#8220;]<\/p>\n<p style=\"padding-left: 40px; text-align: justify;\"><span style=\"color: #ffffff;\">Das Haus verf\u00fcgt \u00fcber einen Au\u00dfenbereich mit Gartenm\u00f6beln, W\u00e4schest\u00e4nder, Sonnenschirm und Grill. Perfekt, um das sch\u00f6ne Wetter zu genie\u00dfen. <\/span><\/p>\n<p>[\/et_pb_blurb][\/et_pb_column][\/et_pb_row][\/et_pb_section][et_pb_section fb_built=&#8220;1&#8243; custom_padding_last_edited=&#8220;on|tablet&#8220; admin_label=&#8220;Call to Action&#8220; _builder_version=&#8220;4.21.0&#8243; _module_preset=&#8220;default&#8220; custom_padding=&#8220;0px||20px||false|false&#8220; custom_padding_tablet=&#8220;0px||0px||false|false&#8220; custom_padding_phone=&#8220;0px||0px||false|false&#8220; locked=&#8220;off&#8220; collapsed=&#8220;on&#8220; global_colors_info=&#8220;{}&#8220;][et_pb_row column_structure=&#8220;2_5,3_5&#8243; use_custom_gutter=&#8220;on&#8220; gutter_width=&#8220;2&#8243; make_equal=&#8220;on&#8220; _builder_version=&#8220;4.27.5&#8243; _module_preset=&#8220;2929c11c-a2ed-4420-9738-daa1068942d3&#8243; global_colors_info=&#8220;{}&#8220;][et_pb_column type=&#8220;2_5&#8243; _builder_version=&#8220;4.27.5&#8243; _module_preset=&#8220;10aaea27-6b5d-4f29-bd7b-b4c09c865ad9&#8243; custom_padding=&#8220;7vw|50px|7vw|50px|true|true&#8220; custom_padding_tablet=&#8220;7vw|30px|7vw|30px|true|true&#8220; custom_padding_phone=&#8220;7vw|20px|7vw|20px|true|true&#8220; global_colors_info=&#8220;{}&#8220;][et_pb_heading title=&#8220;Ein Ort, der so gestaltet ist, dass Sie sich f\u00fcr ein paar Tage wie zu Hause f\u00fchlen.&#8220; _builder_version=&#8220;4.27.5&#8243; _module_preset=&#8220;137d4019-cabd-4acf-a947-690e79b5df29&#8243; custom_margin=&#8220;||10px||false|false&#8220; global_colors_info=&#8220;{}&#8220;][\/et_pb_heading][et_pb_text _builder_version=&#8220;4.27.5&#8243; _module_preset=&#8220;70648b82-0449-4a7e-b62e-695e288eecb8&#8243; global_colors_info=&#8220;{}&#8220;]<\/p>\n<p style=\"text-align: justify;\">Ein einfaches und einladendes Haus mit allem, was Sie zum Kochen, Ausruhen, Sonnenbaden brauchen\u2026 und um Ischia in Ihrem eigenen Rhythmus zu erleben.<\/p>\n<p>[\/et_pb_text][\/et_pb_column][et_pb_column type=&#8220;3_5&#8243; _builder_version=&#8220;4.27.4&#8243; _module_preset=&#8220;default&#8220; background_image=&#8220;https:\/\/www.danonnarosetta.com\/wp-content\/uploads\/2025\/05\/20240811_163114150_iOS-scaled.jpg&#8220; border_radii=&#8220;on|10px|10px|10px|10px&#8220; global_colors_info=&#8220;{}&#8220;][et_pb_divider show_divider=&#8220;off&#8220; _builder_version=&#8220;4.21.0&#8243; _module_preset=&#8220;default&#8220; height_tablet=&#8220;40vw&#8220; height_phone=&#8220;40vw&#8220; height_last_edited=&#8220;on|desktop&#8220; locked=&#8220;off&#8220; global_colors_info=&#8220;{}&#8220;][\/et_pb_divider][\/et_pb_column][\/et_pb_row][et_pb_row column_structure=&#8220;3_5,2_5&#8243; use_custom_gutter=&#8220;on&#8220; gutter_width=&#8220;2&#8243; make_equal=&#8220;on&#8220; custom_padding_last_edited=&#8220;on|tablet&#8220; _builder_version=&#8220;4.27.5&#8243; _module_preset=&#8220;2929c11c-a2ed-4420-9738-daa1068942d3&#8243; width_tablet=&#8220;&#8220; width_phone=&#8220;&#8220; width_last_edited=&#8220;on|tablet&#8220; custom_padding=&#8220;||20px||false|false&#8220; custom_padding_tablet=&#8220;||||false|false&#8220; custom_padding_phone=&#8220;||||false|false&#8220; global_colors_info=&#8220;{}&#8220;][et_pb_column type=&#8220;3_5&#8243; _builder_version=&#8220;4.27.4&#8243; _module_preset=&#8220;default&#8220; background_image=&#8220;https:\/\/www.danonnarosetta.com\/wp-content\/uploads\/2025\/05\/IMG_5017-scaled.jpg&#8220; border_radii=&#8220;on|10px|10px|10px|10px&#8220; global_colors_info=&#8220;{}&#8220;][et_pb_divider show_divider=&#8220;off&#8220; _builder_version=&#8220;4.21.0&#8243; _module_preset=&#8220;default&#8220; height_tablet=&#8220;40vw&#8220; height_phone=&#8220;40vw&#8220; height_last_edited=&#8220;on|desktop&#8220; locked=&#8220;off&#8220; global_colors_info=&#8220;{}&#8220;][\/et_pb_divider][\/et_pb_column][et_pb_column type=&#8220;2_5&#8243; _builder_version=&#8220;4.27.5&#8243; _module_preset=&#8220;160ab5fa-594f-4f37-baed-39841174acd0&#8243; custom_padding=&#8220;7vw|50px|7vw|50px|true|true&#8220; custom_padding_tablet=&#8220;7vw|30px|7vw|30px|true|true&#8220; custom_padding_phone=&#8220;7vw|20px|7vw|20px|true|true&#8220; global_colors_info=&#8220;{%22gcid-70184d90-89dc-4d37-8a72-67bb78c7369e%22:%91%22background_color%22%93}&#8220;][et_pb_heading title=&#8220;Eine Aussicht, die f\u00fcr sich spricht&#8220; _builder_version=&#8220;4.27.5&#8243; _module_preset=&#8220;137d4019-cabd-4acf-a947-690e79b5df29&#8243; custom_margin=&#8220;||10px||false|false&#8220; global_colors_info=&#8220;{}&#8220;][\/et_pb_heading][et_pb_text _builder_version=&#8220;4.27.2&#8243; _module_preset=&#8220;6c31d244-4d9f-4b09-8613-dcb9923623a1&#8243; global_colors_info=&#8220;{}&#8220;]<\/p>\n<p data-start=\"213\" data-end=\"436\"><span style=\"color: #ffffff;\">Was dieses Haus wirklich einzigartig macht, ist sein <strong data-start=\"264\" data-end=\"294\">Panoramablick auf das Meer<\/strong>. Von der <strong data-start=\"308\" data-end=\"320\">Terrasse<\/strong>, dem <strong data-start=\"325\" data-end=\"336\">Zimmer<\/strong> oder sogar dem <strong data-start=\"348\" data-end=\"365\">Badezimmer<\/strong> aus schweift der Blick \u00fcber den Horizont, zwischen Himmel und Meer. <\/span><\/p>\n<p>[\/et_pb_text][\/et_pb_column][\/et_pb_row][\/et_pb_section]<\/p>\n","protected":false},"excerpt":{"rendered":"<p>Ausstattung und ServicesItalienische Kaffeemaschine, Wasserkocher, Backofen, Mikrowelle, K\u00fchlschrank, Gefrierschrank, Geschirr\u2026 Sie haben alles Notwendige, um Ihre Gerichte wie zu Hause zuzubereiten.Sie finden dort eine Dusche, Badet\u00fccher, einen Haartrockner sowie eine Waschmaschine bei Bedarf.WLAN-Zugang ist verf\u00fcgbar, ebenso wie ein Fernseher, f\u00fcr diejenigen, die in Verbindung bleiben oder sich abends in Ruhe entspannen m\u00f6chten.Das Zimmer ist mit [&hellip;]<\/p>\n","protected":false},"author":1,"featured_media":0,"parent":0,"menu_order":0,"comment_status":"closed","ping_status":"closed","template":"","meta":{"_et_pb_use_builder":"on","_et_pb_old_content":"","_et_gb_content_width":"","footnotes":""},"class_list":["post-913","page","type-page","status-publish","hentry"],"_links":{"self":[{"href":"https:\/\/www.danonnarosetta.com\/de\/wp-json\/wp\/v2\/pages\/913","targetHints":{"allow":["GET"]}}],"collection":[{"href":"https:\/\/www.danonnarosetta.com\/de\/wp-json\/wp\/v2\/pages"}],"about":[{"href":"https:\/\/www.danonnarosetta.com\/de\/wp-json\/wp\/v2\/types\/page"}],"author":[{"embeddable":true,"href":"https:\/\/www.danonnarosetta.com\/de\/wp-json\/wp\/v2\/users\/1"}],"replies":[{"embeddable":true,"href":"https:\/\/www.danonnarosetta.com\/de\/wp-json\/wp\/v2\/comments?post=913"}],"version-history":[{"count":4,"href":"https:\/\/www.danonnarosetta.com\/de\/wp-json\/wp\/v2\/pages\/913\/revisions"}],"predecessor-version":[{"id":922,"href":"https:\/\/www.danonnarosetta.com\/de\/wp-json\/wp\/v2\/pages\/913\/revisions\/922"}],"wp:attachment":[{"href":"https:\/\/www.danonnarosetta.com\/de\/wp-json\/wp\/v2\/media?parent=913"}],"curies":[{"name":"wp","href":"https:\/\/api.w.org\/{rel}","templated":true}]}}