{"id":1024,"date":"2025-11-10T20:09:34","date_gmt":"2025-11-10T20:09:34","guid":{"rendered":"https:\/\/www.danonnarosetta.com\/informativa-sulla-privacy\/"},"modified":"2026-03-15T21:58:19","modified_gmt":"2026-03-15T21:58:19","slug":"informativa-sulla-privacy","status":"publish","type":"page","link":"https:\/\/www.danonnarosetta.com\/it\/informativa-sulla-privacy\/","title":{"rendered":"Informativa sulla privacy"},"content":{"rendered":"<p>[et_pb_section fb_built=&#8221;1&#8243; admin_label=&#8221;Header &#038; Pricing Table&#8221; _builder_version=&#8221;4.21.0&#8243; _module_preset=&#8221;default&#8221; collapsed=&#8221;on&#8221; global_colors_info=&#8221;{}&#8221;][et_pb_row _builder_version=&#8221;4.21.0&#8243; _module_preset=&#8221;default&#8221; global_colors_info=&#8221;{}&#8221;][et_pb_column type=&#8221;4_4&#8243; _builder_version=&#8221;4.21.0&#8243; _module_preset=&#8221;default&#8221; global_colors_info=&#8221;{}&#8221;][et_pb_text _builder_version=&#8221;4.27.4&#8243; _module_preset=&#8221;default&#8221; global_colors_info=&#8221;{}&#8221;]<\/p>\n<h3 data-start=\"222\" data-end=\"259\"><\/h3>\n<h3 data-start=\"222\" data-end=\"259\"><\/h3>\n<h3 data-start=\"222\" data-end=\"259\"><\/h3>\n<h3 data-start=\"222\" data-end=\"259\">Informativa sulla privacy<\/h3>\n<p data-start=\"260\" data-end=\"304\"><strong data-start=\"260\" data-end=\"286\">Ultimo aggiornamento: 12.10.2025<\/strong><\/p>\n<hr data-start=\"306\" data-end=\"309\">\n<h4 data-start=\"311\" data-end=\"333\">1. Introduzione<\/h4>\n<p data-start=\"334\" data-end=\"595\">Benvenuti sul sito https:\/\/www.danonnarosetta.com\/<br data-start=\"381\" data-end=\"384\">Presso DaNonnaRosetta, attribuiamo grande importanza alla protezione dei tuoi dati personali. Questa informativa ti spiega come le tue informazioni vengono raccolte, utilizzate e protette. <\/p>\n<hr data-start=\"597\" data-end=\"600\">\n<h4 data-start=\"602\" data-end=\"637\">2. Responsabile del trattamento<\/h4>\n<p data-start=\"638\" data-end=\"783\"><span>Rago Massimo DaNonnaRosetta<\/span><br data-start=\"669\" data-end=\"672\">Indirizzo: Rue JEanneret 12, 2400 Le Locle, Svizzera<br data-start=\"722\" data-end=\"725\">E-mail: <a class=\"cursor-pointer\" rel=\"noopener\">mrago@windowslive.com<\/a><br data-start=\"747\" data-end=\"750\">Responsabile legale: Rago Massimo<\/p>\n<hr data-start=\"785\" data-end=\"788\">\n<h4 data-start=\"790\" data-end=\"818\">3. Dati raccolti<\/h4>\n<p data-start=\"819\" data-end=\"878\">I dati che potremmo raccogliere sono i seguenti:<\/p>\n<ul data-start=\"880\" data-end=\"1022\">\n<li data-start=\"880\" data-end=\"895\">\n<p data-start=\"882\" data-end=\"895\">Nome, cognome<\/p>\n<\/li>\n<li data-start=\"896\" data-end=\"914\">\n<p data-start=\"898\" data-end=\"914\">Indirizzo e-mail<\/p>\n<\/li>\n<li data-start=\"915\" data-end=\"938\">\n<p data-start=\"917\" data-end=\"938\">Numero di telefono<\/p>\n<\/li>\n<li data-start=\"939\" data-end=\"984\">\n<p data-start=\"941\" data-end=\"984\">Informazioni di contatto e di prenotazione<\/p>\n<\/li>\n<li data-start=\"985\" data-end=\"1022\">\n<p data-start=\"987\" data-end=\"1022\">Dati di navigazione (tramite cookie)<\/p>\n<\/li>\n<\/ul>\n<hr data-start=\"1024\" data-end=\"1027\">\n<h4 data-start=\"1029\" data-end=\"1062\">4. Finalit\u00e0 del trattamento<\/h4>\n<p data-start=\"1063\" data-end=\"1120\">I tuoi dati personali sono utilizzati esclusivamente per:<\/p>\n<ul data-start=\"1122\" data-end=\"1317\">\n<li data-start=\"1122\" data-end=\"1178\">\n<p data-start=\"1124\" data-end=\"1178\">Rispondere alle tue richieste di contatto o di prenotazione<\/p>\n<\/li>\n<li data-start=\"1179\" data-end=\"1233\">\n<p data-start=\"1181\" data-end=\"1233\">Informarti sui nostri servizi (previo tuo consenso)<\/p>\n<\/li>\n<li data-start=\"1234\" data-end=\"1281\">\n<p data-start=\"1236\" data-end=\"1281\">Migliorare la qualit\u00e0 del nostro sito web<\/p>\n<\/li>\n<li data-start=\"1282\" data-end=\"1317\">\n<p data-start=\"1284\" data-end=\"1317\">Rispettare i nostri obblighi di legge<\/p>\n<\/li>\n<\/ul>\n<p data-start=\"1319\" data-end=\"1368\">I tuoi dati non saranno mai venduti a terzi.<\/p>\n<hr data-start=\"1370\" data-end=\"1373\">\n<h4 data-start=\"1375\" data-end=\"1406\">5. Periodo di conservazione<\/h4>\n<p data-start=\"1407\" data-end=\"1563\">I tuoi dati sono conservati solo per il tempo necessario alla finalit\u00e0 per cui sono stati raccolti, o secondo i termini di legge svizzeri.<\/p>\n<hr data-start=\"1565\" data-end=\"1568\">\n<h4 data-start=\"1570\" data-end=\"1590\">6. I tuoi diritti<\/h4>\n<p data-start=\"1591\" data-end=\"1682\">In conformit\u00e0 con la Legge federale sulla protezione dei dati (LPD), hai il diritto di:<\/p>\n<ul data-start=\"1684\" data-end=\"1850\">\n<li data-start=\"1684\" data-end=\"1722\">\n<p data-start=\"1686\" data-end=\"1722\">Consultare i tuoi dati personali<\/p>\n<\/li>\n<li data-start=\"1723\" data-end=\"1769\">\n<p data-start=\"1725\" data-end=\"1769\">Correggere o aggiornare le tue informazioni<\/p>\n<\/li>\n<li data-start=\"1770\" data-end=\"1812\">\n<p data-start=\"1772\" data-end=\"1812\">Richiedere la cancellazione dei tuoi dati<\/p>\n<\/li>\n<li data-start=\"1813\" data-end=\"1850\">\n<p data-start=\"1815\" data-end=\"1850\">Opporti a determinati trattamenti<\/p>\n<\/li>\n<\/ul>\n<p data-start=\"1852\" data-end=\"1927\">Per esercitare questi diritti, contattaci via e-mail all&#8217;indirizzo <a class=\"cursor-pointer\" rel=\"noopener\">contact@institut-bellarte.ch<\/a><\/p>\n<hr data-start=\"1929\" data-end=\"1932\">\n<h4 data-start=\"1934\" data-end=\"1967\">7. Utilizzo dei cookie<\/h4>\n<p data-start=\"1968\" data-end=\"2125\">Il sito utilizza i cookie per migliorare l&#8217;esperienza dell&#8217;utente. Puoi configurare il tuo browser in qualsiasi momento per rifiutarli o eliminarli. <\/p>\n<hr data-start=\"2127\" data-end=\"2130\">\n<h4 data-start=\"2132\" data-end=\"2162\">8. Sicurezza dei dati<\/h4>\n<p data-start=\"2163\" data-end=\"2320\">Implementiamo misure di sicurezza (hosting sicuro, certificato SSL, ecc.) per proteggere i tuoi dati da qualsiasi accesso non autorizzato o perdita.<\/p>\n<hr data-start=\"2322\" data-end=\"2325\">\n<h4 data-start=\"2327\" data-end=\"2350\">9. Modifiche<\/h4>\n<p data-start=\"2351\" data-end=\"2467\">Questa informativa pu\u00f2 essere modificata in qualsiasi momento. La versione pi\u00f9 recente \u00e8 sempre disponibile su questa pagina. <\/p>\n<p data-start=\"2351\" data-end=\"2467\">[\/et_pb_text][et_pb_code _builder_version=&#8221;4.27.4&#8243; _module_preset=&#8221;default&#8221; custom_margin=&#8221;|||200px|false|false&#8221; global_colors_info=&#8221;{}&#8221;]<\/p>\n<div id=\"paypal-container-SPBSRGL2DT6LE\"><\/div>\n<p><!-- [et_pb_line_break_holder] --><script><!-- [et_pb_line_break_holder] -->  paypal.HostedButtons({<!-- [et_pb_line_break_holder] -->    hostedButtonId: \"SPBSRGL2DT6LE\",<!-- [et_pb_line_break_holder] -->  }).render(\"#paypal-container-SPBSRGL2DT6LE\")<!-- [et_pb_line_break_holder] --><\/script>[\/et_pb_code][et_pb_code _builder_version=&#8221;4.27.4&#8243; _module_preset=&#8221;default&#8221; module_alignment=&#8221;center&#8221; custom_margin=&#8221;||||false|false&#8221; custom_padding=&#8221;||||false|false&#8221; global_colors_info=&#8221;{}&#8221;]<\/p>\n<div id=\"paypal-container-SPBSRGL2DT6LE\"><\/div>\n<p><!-- [et_pb_line_break_holder] --><script><!-- [et_pb_line_break_holder] -->  paypal.HostedButtons({<!-- [et_pb_line_break_holder] -->    hostedButtonId: \"SPBSRGL2DT6LE\",<!-- [et_pb_line_break_holder] -->  }).render(\"#paypal-container-SPBSRGL2DT6LE\")<!-- [et_pb_line_break_holder] --><\/script>[\/et_pb_code][\/et_pb_column][\/et_pb_row][\/et_pb_section]<\/p>\n","protected":false},"excerpt":{"rendered":"<p>Informativa sulla privacy Ultimo aggiornamento: 12.10.2025 1. Introduzione Benvenuti sul sito https:\/\/www.danonnarosetta.com\/Presso DaNonnaRosetta, attribuiamo grande importanza alla protezione dei tuoi dati personali. Questa informativa ti spiega come le tue informazioni vengono raccolte, utilizzate e protette. 2. Responsabile del trattamento Rago Massimo DaNonnaRosettaIndirizzo: Rue JEanneret 12, 2400 Le Locle, SvizzeraE-mail: mrago@windowslive.comResponsabile legale: Rago Massimo 3. Dati [&hellip;]<\/p>\n","protected":false},"author":1,"featured_media":0,"parent":0,"menu_order":0,"comment_status":"closed","ping_status":"closed","template":"","meta":{"_et_pb_use_builder":"on","_et_pb_old_content":"","_et_gb_content_width":"","footnotes":""},"class_list":["post-1024","page","type-page","status-publish","hentry"],"_links":{"self":[{"href":"https:\/\/www.danonnarosetta.com\/it\/wp-json\/wp\/v2\/pages\/1024","targetHints":{"allow":["GET"]}}],"collection":[{"href":"https:\/\/www.danonnarosetta.com\/it\/wp-json\/wp\/v2\/pages"}],"about":[{"href":"https:\/\/www.danonnarosetta.com\/it\/wp-json\/wp\/v2\/types\/page"}],"author":[{"embeddable":true,"href":"https:\/\/www.danonnarosetta.com\/it\/wp-json\/wp\/v2\/users\/1"}],"replies":[{"embeddable":true,"href":"https:\/\/www.danonnarosetta.com\/it\/wp-json\/wp\/v2\/comments?post=1024"}],"version-history":[{"count":10,"href":"https:\/\/www.danonnarosetta.com\/it\/wp-json\/wp\/v2\/pages\/1024\/revisions"}],"predecessor-version":[{"id":1068,"href":"https:\/\/www.danonnarosetta.com\/it\/wp-json\/wp\/v2\/pages\/1024\/revisions\/1068"}],"wp:attachment":[{"href":"https:\/\/www.danonnarosetta.com\/it\/wp-json\/wp\/v2\/media?parent=1024"}],"curies":[{"name":"wp","href":"https:\/\/api.w.org\/{rel}","templated":true}]}}