{"id":1052,"date":"2025-11-10T19:58:26","date_gmt":"2025-11-10T19:58:26","guid":{"rendered":"https:\/\/www.danonnarosetta.com\/note-legali\/"},"modified":"2026-03-15T21:58:20","modified_gmt":"2026-03-15T21:58:20","slug":"note-legali","status":"publish","type":"page","link":"https:\/\/www.danonnarosetta.com\/it\/note-legali\/","title":{"rendered":"Note legali"},"content":{"rendered":"<p>[et_pb_section fb_built=&#8221;1&#8243; admin_label=&#8221;Header &#038; Pricing Table&#8221; _builder_version=&#8221;4.21.0&#8243; _module_preset=&#8221;default&#8221; collapsed=&#8221;on&#8221; global_colors_info=&#8221;{}&#8221;][et_pb_row _builder_version=&#8221;4.21.0&#8243; _module_preset=&#8221;default&#8221; global_colors_info=&#8221;{}&#8221;][et_pb_column type=&#8221;4_4&#8243; _builder_version=&#8221;4.21.0&#8243; _module_preset=&#8221;default&#8221; global_colors_info=&#8221;{}&#8221;][et_pb_text _builder_version=&#8221;4.27.4&#8243; _module_preset=&#8221;default&#8221; global_colors_info=&#8221;{}&#8221;]<\/p>\n<div id=\"main-content\">\n<article id=\"post-224821\" class=\"post-224821 page type-page status-publish hentry\">\n<div class=\"entry-content\">\n<div class=\"et-l et-l--post\">\n<div class=\"et_builder_inner_content et_pb_gutters3\">\n<div class=\"et_pb_section et_pb_section_0 et_section_regular et_pb_section_first\" data-fix-page-container=\"on\" style=\"padding-top: 202px;\">\n<div class=\"et_pb_row et_pb_row_0\">\n<div class=\"et_pb_column et_pb_column_4_4 et_pb_column_0 et_pb_css_mix_blend_mode_passthrough et-last-child\">\n<div class=\"et_pb_module et_pb_text et_pb_text_0 et_pb_text_align_left et_pb_bg_layout_light\">\n<div class=\"et_pb_text_inner\">\n<p><b>NOTE LEGALI<br \/><\/b><span style=\"font-weight: 400;\">In conformit\u00e0 alle disposizioni della legge n\u00b0 2004-575 del 21 giugno 2004 sulla fiducia nell&#8217;economia digitale, si precisa agli utenti del sito Danonnarosetta l&#8217;identit\u00e0 dei diversi soggetti coinvolti nella sua realizzazione e gestione.<\/span><\/p>\n<p><b>Editore del sito<br \/><\/b><span style=\"font-weight: 400;\">Il presente sito, accessibile all&#8217;URL https:\/www.danonnarosetta.com\/ (il &#8220;Sito&#8221;), \u00e8 edito da:<br \/><\/span>Massimo Rago, residente in Jeanneret 12 2400 Le Locle, di nazionalit\u00e0 svizzera (Svizzera), nato il 26.03.1969.<\/p>\n<p><strong data-start=\"357\" data-end=\"377\">Ragione sociale:<\/strong> <span>Rago Massimo DaNonnaRosetta<\/span><br data-start=\"405\" data-end=\"408\"><strong data-start=\"408\" data-end=\"421\">Indirizzo:<\/strong> Via Funno 26 &#8211; 80075 Forio d&#8217;Ischia &#8211; Italia<br data-start=\"462\" data-end=\"465\"><strong data-start=\"465\" data-end=\"500\">Responsabile della pubblicazione:<\/strong> [Rago Massimo]<br data-start=\"535\" data-end=\"538\"><strong data-start=\"538\" data-end=\"553\">Telefono:<\/strong> +41794410486<br data-start=\"567\" data-end=\"570\"><strong data-start=\"570\" data-end=\"582\">E-mail: <\/strong>mrago@windowslive.com<br data-start=\"684\" data-end=\"687\"><strong data-start=\"687\" data-end=\"709\">Forma giuridica:<\/strong> impresa individuale<\/p>\n<p><b>Hosting<br \/><\/b><span style=\"font-weight: 400;\">Il Sito \u00e8 ospitato dalla societ\u00e0 Infomaniak, situata in Rue Eug\u00e8ne-Marziano 25, 1227 Ginevra, Svizzera, : +41) 22 820 35 44.<br \/><\/span><\/p>\n<p><b>Direttore della pubblicazione<br \/><\/b><span style=\"font-weight: 400;\">Il Direttore della pubblicazione del Sito \u00e8 Massimo Rago.<br \/><\/span><b><br \/>Contattaci<br \/><\/b><span style=\"font-weight: 400;\">Per telefono: +417794410486<br \/><\/span><span style=\"font-weight: 400;\">Per email: <a class=\"cursor-pointer\" rel=\"noopener\">mrago@windowslive.com<\/a><br \/><\/span><span style=\"font-weight: 400;\">Per posta: Rago Massimo \/ Jeanneret 12 \/ 2400 Le Locle<br \/><\/span><b><br \/>Dati personali<br \/><\/b><span style=\"font-weight: 400;\">Il trattamento dei tuoi dati personali \u00e8 regolato dalla nostra Carta del rispetto della privacy, disponibile nella sezione &#8220;Carta di Protezione dei Dati Personali&#8221;, in conformit\u00e0 al Regolamento Generale sulla Protezione dei Dati 2016\/679 del 27 aprile 2016 (\u00abGDPR\u00bb).<\/span><\/p>\n<\/div>\n<\/div>\n<\/div>\n<\/div>\n<\/div>\n<\/div>\n<\/div>\n<\/div>\n<\/article>\n<\/div>\n<p>[\/et_pb_text][et_pb_code _builder_version=&#8221;4.27.4&#8243; _module_preset=&#8221;default&#8221; custom_margin=&#8221;|||200px|false|false&#8221; global_colors_info=&#8221;{}&#8221;]<\/p>\n<div id=\"paypal-container-SPBSRGL2DT6LE\"><\/div>\n<p><!-- [et_pb_line_break_holder] --><script><!-- [et_pb_line_break_holder] -->  paypal.HostedButtons({<!-- [et_pb_line_break_holder] -->    hostedButtonId: \"SPBSRGL2DT6LE\",<!-- [et_pb_line_break_holder] -->  }).render(\"#paypal-container-SPBSRGL2DT6LE\")<!-- [et_pb_line_break_holder] --><\/script>[\/et_pb_code][et_pb_code _builder_version=&#8221;4.27.4&#8243; _module_preset=&#8221;default&#8221; module_alignment=&#8221;center&#8221; custom_margin=&#8221;||||false|false&#8221; custom_padding=&#8221;||||false|false&#8221; global_colors_info=&#8221;{}&#8221;]<\/p>\n<div id=\"paypal-container-SPBSRGL2DT6LE\"><\/div>\n<p><!-- [et_pb_line_break_holder] --><script><!-- [et_pb_line_break_holder] -->  paypal.HostedButtons({<!-- [et_pb_line_break_holder] -->    hostedButtonId: \"SPBSRGL2DT6LE\",<!-- [et_pb_line_break_holder] -->  }).render(\"#paypal-container-SPBSRGL2DT6LE\")<!-- [et_pb_line_break_holder] --><\/script>[\/et_pb_code][\/et_pb_column][\/et_pb_row][\/et_pb_section]<\/p>\n","protected":false},"excerpt":{"rendered":"<p>NOTE LEGALIIn conformit\u00e0 alle disposizioni della legge n\u00b0 2004-575 del 21 giugno 2004 sulla fiducia nell&#8217;economia digitale, si precisa agli utenti del sito Danonnarosetta l&#8217;identit\u00e0 dei diversi soggetti coinvolti nella sua realizzazione e gestione. Editore del sitoIl presente sito, accessibile all&#8217;URL https:\/www.danonnarosetta.com\/ (il &#8220;Sito&#8221;), \u00e8 edito da:Massimo Rago, residente in Jeanneret 12 2400 Le Locle, [&hellip;]<\/p>\n","protected":false},"author":1,"featured_media":0,"parent":0,"menu_order":0,"comment_status":"closed","ping_status":"closed","template":"","meta":{"_et_pb_use_builder":"on","_et_pb_old_content":"","_et_gb_content_width":"","footnotes":""},"class_list":["post-1052","page","type-page","status-publish","hentry"],"_links":{"self":[{"href":"https:\/\/www.danonnarosetta.com\/it\/wp-json\/wp\/v2\/pages\/1052","targetHints":{"allow":["GET"]}}],"collection":[{"href":"https:\/\/www.danonnarosetta.com\/it\/wp-json\/wp\/v2\/pages"}],"about":[{"href":"https:\/\/www.danonnarosetta.com\/it\/wp-json\/wp\/v2\/types\/page"}],"author":[{"embeddable":true,"href":"https:\/\/www.danonnarosetta.com\/it\/wp-json\/wp\/v2\/users\/1"}],"replies":[{"embeddable":true,"href":"https:\/\/www.danonnarosetta.com\/it\/wp-json\/wp\/v2\/comments?post=1052"}],"version-history":[{"count":1,"href":"https:\/\/www.danonnarosetta.com\/it\/wp-json\/wp\/v2\/pages\/1052\/revisions"}],"predecessor-version":[{"id":1062,"href":"https:\/\/www.danonnarosetta.com\/it\/wp-json\/wp\/v2\/pages\/1052\/revisions\/1062"}],"wp:attachment":[{"href":"https:\/\/www.danonnarosetta.com\/it\/wp-json\/wp\/v2\/media?parent=1052"}],"curies":[{"name":"wp","href":"https:\/\/api.w.org\/{rel}","templated":true}]}}