{"id":930,"date":"2025-04-18T09:49:10","date_gmt":"2025-04-18T09:49:10","guid":{"rendered":"https:\/\/www.danonnarosetta.com\/chi-siamo\/"},"modified":"2026-03-15T21:56:19","modified_gmt":"2026-03-15T21:56:19","slug":"chi-siamo","status":"publish","type":"page","link":"https:\/\/www.danonnarosetta.com\/it\/chi-siamo\/","title":{"rendered":"Chi siamo"},"content":{"rendered":"<p>[et_pb_section fb_built=&#8221;1&#8243; _builder_version=&#8221;4.27.5&#8243; _module_preset=&#8221;default&#8221; background_image=&#8221;https:\/\/www.danonnarosetta.com\/wp-content\/uploads\/2025\/05\/20240715_182200670_iOS-scaled.jpg&#8221; min_height=&#8221;400px&#8221; height=&#8221;400px&#8221; custom_margin=&#8221;0px||30px||false|false&#8221; custom_padding=&#8221;6px||6px||false|false&#8221; hover_enabled=&#8221;0&#8243; global_colors_info=&#8221;{}&#8221; sticky_enabled=&#8221;0&#8243;][et_pb_row _builder_version=&#8221;4.27.5&#8243; _module_preset=&#8221;default&#8221; global_colors_info=&#8221;{}&#8221;][et_pb_column type=&#8221;4_4&#8243; _builder_version=&#8221;4.27.5&#8243; _module_preset=&#8221;default&#8221; global_colors_info=&#8221;{}&#8221;][et_pb_text _builder_version=&#8221;4.27.5&#8243; _module_preset=&#8221;default&#8221; custom_margin=&#8221;100px||0px||false|false&#8221; custom_padding=&#8221;0px||0px||false|false&#8221; global_colors_info=&#8221;{}&#8221;]<\/p>\n<h1 style=\"text-align: center;\"><span style=\"color: #0a0563;\">Chi siamo<\/span><\/h1>\n<p>[\/et_pb_text][\/et_pb_column][\/et_pb_row][\/et_pb_section][et_pb_section fb_built=&#8221;1&#8243; admin_label=&#8221;About&#8221; _builder_version=&#8221;4.27.2&#8243; _module_preset=&#8221;default&#8221; locked=&#8221;off&#8221; collapsed=&#8221;on&#8221; global_colors_info=&#8221;{}&#8221;][et_pb_row _builder_version=&#8221;4.27.2&#8243; _module_preset=&#8221;default&#8221; max_width=&#8221;800px&#8221; custom_padding=&#8221;0px|||||&#8221; global_colors_info=&#8221;{}&#8221;][et_pb_column type=&#8221;4_4&#8243; _builder_version=&#8221;4.21.0&#8243; _module_preset=&#8221;default&#8221; global_colors_info=&#8221;{}&#8221;][et_pb_text _builder_version=&#8221;4.27.5&#8243; _module_preset=&#8221;6c31d244-4d9f-4b09-8613-dcb9923623a1&#8243; text_orientation=&#8221;center&#8221; global_colors_info=&#8221;{}&#8221;]<\/p>\n<p class=\"cvGsUA direction-ltr align-justify para-style-body\" style=\"text-align: justify;\"><span style=\"font-family: inherit;\"><span class=\"OYPEnA font-feature-liga-off font-feature-clig-off font-feature-calt-off text-decoration-none text-strikethrough-none\">Benvenuti a Da Nonna Rosetta, un luogo dove ogni pietra porta l&#8217;impronta della nostra famiglia e del suo profondo legame con Ischia. <\/span><span style=\"font-size: 16px;\">La nostra storia qui risale a generazioni. Dal lato paterno, siamo una famiglia isolana, radicata in questa terra da sempre. Ogni estate, torniamo in questa casa che \u00e8 molto pi\u00f9 di una semplice dimora, \u00e8 un luogo dove la vita si condivide attorno a un tavolo, tra risate e storie.<\/span><\/span><\/p>\n<p class=\"cvGsUA direction-ltr align-justify para-style-body\" style=\"text-align: justify;\"><span style=\"font-family: inherit;\"><span class=\"OYPEnA font-feature-liga-off font-feature-clig-off font-feature-calt-off text-decoration-none text-strikethrough-none\">Al centro di tutto questo, c&#8217;era Rosa, soprannominata Rosetta. Una donna di carattere e di immensa generosit\u00e0. Chiunque venisse a casa sua ripartiva sempre con un ricordo, un sapore, un momento di condivisione. In Svizzera, dove ha vissuto alcuni anni, ha stretto profonde amicizie. E quando \u00e8 tornata a Ischia, ha naturalmente continuato a ricevere, invitando coloro che le erano cari a scoprire l&#8217;isola come lei l&#8217;amava.    <\/span><span class=\"OYPEnA font-feature-liga-off font-feature-clig-off font-feature-calt-off text-decoration-none text-strikethrough-none\"><\/span><\/span><\/p>\n<p class=\"cvGsUA direction-ltr align-justify para-style-body\" style=\"text-align: justify;\"><span class=\"OYPEnA font-feature-liga-off font-feature-clig-off font-feature-calt-off text-decoration-none text-strikethrough-none\" style=\"font-family: inherit;\">Al suo fianco, c&#8217;era suo fratello, Zio Luciano. Molto vicino a Rosetta, condivideva con lei questo terreno familiare. Le due case vicine hanno visto nascere ricordi comuni, pasti condivisi, momenti semplici e veri che facevano parte della loro quotidianit\u00e0. Oggi, anche se Luciano e Rosetta non ci sono pi\u00f9, il luogo rimane abitato dalla loro presenza. Il giardino, i muri, la vista sul mare\u2026 tutto porta ancora la traccia di ci\u00f2 che hanno costruito e condiviso insieme.    <\/span><\/p>\n<p class=\"cvGsUA direction-ltr align-justify para-style-body\" style=\"text-align: justify;\"><span class=\"OYPEnA font-feature-liga-off font-feature-clig-off font-feature-calt-off text-decoration-none text-strikethrough-none\" style=\"font-family: inherit;\"><\/span><\/p>\n<p class=\"cvGsUA direction-ltr align-justify para-style-body\" style=\"text-align: justify;\"><span class=\"OYPEnA font-feature-liga-off font-feature-clig-off font-feature-calt-off text-decoration-none text-strikethrough-none\" style=\"font-family: inherit;\">Rosetta era anche una donna della terra. Attorno a questa casa, coltivava i suoi terreni con passione. Pomodori, uva, zucchine, pere\u2026 Ogni stagione portava i suoi raccolti. Ed \u00e8 cos\u00ec che la ricordiamo; nel suo giardino, con le mani nella terra, vegliando sulle sue piante come vegliava su di noi.   <\/span><\/p>\n<p class=\"cvGsUA direction-ltr align-justify para-style-body\" style=\"text-align: justify;\"><span style=\"font-family: inherit;\"><span class=\"OYPEnA font-feature-liga-off font-feature-clig-off font-feature-calt-off text-decoration-none text-strikethrough-none\">Quando ci ha lasciati, abbiamo voluto preservare questo luogo, continuare a farlo vivere. Ogni dettaglio, ogni momento condiviso, \u00e8 un ricordo di lei, degli istanti preziosi trascorsi al suo fianco, e il frutto di tutto il lavoro che ha compiuto su questo terreno. <\/span><span class=\"OYPEnA font-feature-liga-off font-feature-clig-off font-feature-calt-off text-decoration-none text-strikethrough-none\"><strong>Da Nonna Rosetta<\/strong> \u00e8 nato dal desiderio di offrire ad altri la possibilit\u00e0 di scoprire Ischia come avrebbe fatto lei, con generosit\u00e0 e semplicit\u00e0. Non \u00e8 solo una casa, \u00e8 un&#8217;eredit\u00e0, una storia di famiglia, un omaggio a colei che ci ha insegnato a coltivare ci\u00f2 che ci circonda. Oggi, vi invitiamo a scoprire ci\u00f2 che ci ha sempre affascinato qui, l&#8217;autenticit\u00e0, la bellezza della semplicit\u00e0 e un angolo di Ischia che, speriamo, diventer\u00e0 anche un po&#8217; il vostro.<\/span><\/span><span class=\"OYPEnA font-feature-liga-off font-feature-clig-off font-feature-calt-off text-decoration-none text-strikethrough-none white-space-prewrap\"><\/span><\/p>\n<p>[\/et_pb_text][\/et_pb_column][\/et_pb_row][et_pb_row column_structure=&#8221;2_5,3_5&#8243; use_custom_gutter=&#8221;on&#8221; gutter_width=&#8221;2&#8243; make_equal=&#8221;on&#8221; _builder_version=&#8221;4.27.5&#8243; _module_preset=&#8221;2929c11c-a2ed-4420-9738-daa1068942d3&#8243; global_colors_info=&#8221;{}&#8221;][et_pb_column type=&#8221;2_5&#8243; _builder_version=&#8221;4.27.5&#8243; _module_preset=&#8221;default&#8221; background_image=&#8221;https:\/\/www.danonnarosetta.com\/wp-content\/uploads\/2025\/11\/20250529_192225-scaled.jpg&#8221; background_position=&#8221;center_right&#8221; border_radii=&#8221;on|10px|10px|10px|10px&#8221; global_colors_info=&#8221;{}&#8221;][et_pb_divider show_divider=&#8221;off&#8221; _builder_version=&#8221;4.21.0&#8243; _module_preset=&#8221;default&#8221; height_tablet=&#8221;40vw&#8221; height_phone=&#8221;40vw&#8221; height_last_edited=&#8221;on|desktop&#8221; locked=&#8221;off&#8221; global_colors_info=&#8221;{}&#8221;][\/et_pb_divider][\/et_pb_column][et_pb_column type=&#8221;3_5&#8243; _builder_version=&#8221;4.27.2&#8243; _module_preset=&#8221;160ab5fa-594f-4f37-baed-39841174acd0&#8243; custom_padding=&#8221;7vw|50px|7vw|50px|true|true&#8221; custom_padding_tablet=&#8221;7vw|30px|7vw|30px|true|true&#8221; custom_padding_phone=&#8221;7vw|20px|7vw|20px|true|true&#8221; global_colors_info=&#8221;{}&#8221;][et_pb_heading title=&#8221;Un&#039;oasi di pace nel cuore di Ischia&#8221; _builder_version=&#8221;4.27.4&#8243; _module_preset=&#8221;137d4019-cabd-4acf-a947-690e79b5df29&#8243; custom_margin=&#8221;||10px||false|false&#8221; global_colors_info=&#8221;{}&#8221;][\/et_pb_heading][et_pb_text _builder_version=&#8221;4.27.5&#8243; _module_preset=&#8221;6c31d244-4d9f-4b09-8613-dcb9923623a1&#8243; custom_padding=&#8221;||0px|||&#8221; global_colors_info=&#8221;{}&#8221;]<\/p>\n<p data-start=\"1258\" data-end=\"1407\" style=\"text-align: justify;\"><span style=\"color: #ffffff;\">Immersa a Forio, sulla magnifica isola d&#8217;Ischia, <strong data-start=\"1306\" data-end=\"1326\">Da Nonna Rosetta<\/strong> \u00e8 oggi un luogo di accoglienza concepito come un&#8217;estensione di questa storia.<\/span><\/p>\n<p data-start=\"1409\" data-end=\"1763\"><span style=\"color: #ffffff;\">Questa casa vacanze unisce il fascino tradizionale al comfort moderno. \u00c8 stata arredata in modo che ogni ospite si senta a casa, in un&#8217;atmosfera semplice, dolce e autentica. Ideale per un soggiorno in coppia, tra amici o in famiglia, invita a rallentare, a gustare i piaceri semplici e a scoprire Ischia con gli occhi di un locale.  <\/span><\/p>\n<p data-start=\"1765\" data-end=\"2009\"><span style=\"color: #ffffff;\">A due passi dalle spiagge, dal centro storico e dai giardini termali, \u00e8 il punto di partenza perfetto per esplorare l&#8217;isola.<\/span><\/p>\n<p>[\/et_pb_text][\/et_pb_column][\/et_pb_row][et_pb_row _builder_version=&#8221;4.22.0&#8243; _module_preset=&#8221;default&#8221; locked=&#8221;off&#8221; global_colors_info=&#8221;{}&#8221;][et_pb_column type=&#8221;4_4&#8243; _builder_version=&#8221;4.22.0&#8243; _module_preset=&#8221;default&#8221; global_colors_info=&#8221;{}&#8221;][et_pb_button button_url=&#8221;https:\/\/www.danonnarosetta.com\/pricing\/&#8221; button_text=&#8221;Prenota il tuo soggiorno&#8221; button_alignment=&#8221;center&#8221; _builder_version=&#8221;4.27.5&#8243; _module_preset=&#8221;5c488ea4-d458-44fc-b0a4-f2255d49b10b&#8221; button_bg_color=&#8221;gcid-a39f193c-08f5-4d8f-9141-ea4b209ccb46&#8243; global_colors_info=&#8221;{%22gcid-a39f193c-08f5-4d8f-9141-ea4b209ccb46%22:%91%22button_bg_color%22%93}&#8221;][\/et_pb_button][\/et_pb_column][\/et_pb_row][\/et_pb_section]<\/p>\n","protected":false},"excerpt":{"rendered":"<p>Chi siamoBenvenuti a Da Nonna Rosetta, un luogo dove ogni pietra porta l&#8217;impronta della nostra famiglia e del suo profondo legame con Ischia. La nostra storia qui risale a generazioni. Dal lato paterno, siamo una famiglia isolana, radicata in questa terra da sempre. Ogni estate, torniamo in questa casa che \u00e8 molto pi\u00f9 di una [&hellip;]<\/p>\n","protected":false},"author":1,"featured_media":0,"parent":0,"menu_order":0,"comment_status":"closed","ping_status":"closed","template":"","meta":{"_et_pb_use_builder":"on","_et_pb_old_content":"","_et_gb_content_width":"","footnotes":""},"class_list":["post-930","page","type-page","status-publish","hentry"],"_links":{"self":[{"href":"https:\/\/www.danonnarosetta.com\/it\/wp-json\/wp\/v2\/pages\/930","targetHints":{"allow":["GET"]}}],"collection":[{"href":"https:\/\/www.danonnarosetta.com\/it\/wp-json\/wp\/v2\/pages"}],"about":[{"href":"https:\/\/www.danonnarosetta.com\/it\/wp-json\/wp\/v2\/types\/page"}],"author":[{"embeddable":true,"href":"https:\/\/www.danonnarosetta.com\/it\/wp-json\/wp\/v2\/users\/1"}],"replies":[{"embeddable":true,"href":"https:\/\/www.danonnarosetta.com\/it\/wp-json\/wp\/v2\/comments?post=930"}],"version-history":[{"count":2,"href":"https:\/\/www.danonnarosetta.com\/it\/wp-json\/wp\/v2\/pages\/930\/revisions"}],"predecessor-version":[{"id":934,"href":"https:\/\/www.danonnarosetta.com\/it\/wp-json\/wp\/v2\/pages\/930\/revisions\/934"}],"wp:attachment":[{"href":"https:\/\/www.danonnarosetta.com\/it\/wp-json\/wp\/v2\/media?parent=930"}],"curies":[{"name":"wp","href":"https:\/\/api.w.org\/{rel}","templated":true}]}}